{"id":16966,"date":"2021-01-24T18:05:03","date_gmt":"2021-01-24T20:05:03","guid":{"rendered":"http:\/\/ecursos.treinaonline.com\/produto\/curso-de-guitarra-basico\/"},"modified":"2021-01-24T18:05:03","modified_gmt":"2021-01-24T20:05:03","slug":"curso-de-guitarra-basico","status":"publish","type":"product","link":"https:\/\/treina.online\/?product=curso-de-guitarra-basico","title":{"rendered":"Curso de Guitarra B\u00e1sico"},"content":{"rendered":"<p>Ensina sobre as formas de leitura de partituras, tablatura e cifras, abordando no\u00e7\u00f5es sobre acorde e escalas. Voc\u00ea aprender\u00e1 tamb\u00e9m as principais t\u00e9cnicas do instrumento, com diversos exerc\u00edcios e dicion\u00e1rio de acordes.<\/p>\n<p>Sobre a carga hor\u00e1ria:<br \/>\nO curso possui 80 horas de carga hor\u00e1ria. Por\u00e9m, se for conclu\u00eddo antes de 5 dias, passa a ter 10 horas de carga hor\u00e1ria. Conforme nosso contrato e termos de uso.<\/p>\n","protected":false},"excerpt":{"rendered":"<p>Ensina sobre as formas de leitura de partituras, tablatura e cifras, abordando no\u00e7\u00f5es sobre acorde e escalas. Voc\u00ea aprender\u00e1 tamb\u00e9m as principais t\u00e9cnicas do instrumento, com diversos exerc\u00edcios e dicion\u00e1rio de acordes. Sobre a carga hor\u00e1ria: O curso possui 80 horas de carga hor\u00e1ria. Por\u00e9m, se for conclu\u00eddo antes de 5 dias, passa a ter 10 horas de carga hor\u00e1ria. [&hellip;]<\/p>\n","protected":false},"featured_media":0,"comment_status":"open","ping_status":"closed","template":"","meta":[],"product_brand":[],"product_cat":[230],"product_tag":[],"class_list":{"0":"post-16966","1":"product","2":"type-product","3":"status-publish","5":"product_cat-musica-e-instrumentos","6":"post","8":"first","9":"instock","10":"virtual","11":"sold-individually","12":"product-type-simple"},"_links":{"self":[{"href":"https:\/\/treina.online\/index.php?rest_route=\/wp\/v2\/product\/16966","targetHints":{"allow":["GET"]}}],"collection":[{"href":"https:\/\/treina.online\/index.php?rest_route=\/wp\/v2\/product"}],"about":[{"href":"https:\/\/treina.online\/index.php?rest_route=\/wp\/v2\/types\/product"}],"replies":[{"embeddable":true,"href":"https:\/\/treina.online\/index.php?rest_route=%2Fwp%2Fv2%2Fcomments&post=16966"}],"version-history":[{"count":0,"href":"https:\/\/treina.online\/index.php?rest_route=\/wp\/v2\/product\/16966\/revisions"}],"wp:attachment":[{"href":"https:\/\/treina.online\/index.php?rest_route=%2Fwp%2Fv2%2Fmedia&parent=16966"}],"wp:term":[{"taxonomy":"product_brand","embeddable":true,"href":"https:\/\/treina.online\/index.php?rest_route=%2Fwp%2Fv2%2Fproduct_brand&post=16966"},{"taxonomy":"product_cat","embeddable":true,"href":"https:\/\/treina.online\/index.php?rest_route=%2Fwp%2Fv2%2Fproduct_cat&post=16966"},{"taxonomy":"product_tag","embeddable":true,"href":"https:\/\/treina.online\/index.php?rest_route=%2Fwp%2Fv2%2Fproduct_tag&post=16966"}],"curies":[{"name":"wp","href":"https:\/\/api.w.org\/{rel}","templated":true}]}}