{"id":16964,"date":"2021-01-24T18:05:02","date_gmt":"2021-01-24T20:05:02","guid":{"rendered":"http:\/\/ecursos.treinaonline.com\/produto\/curso-de-gestao-tributaria\/"},"modified":"2021-01-24T18:05:02","modified_gmt":"2021-01-24T20:05:02","slug":"curso-de-gestao-tributaria","status":"publish","type":"product","link":"https:\/\/treina.online\/?product=curso-de-gestao-tributaria","title":{"rendered":"Curso de Gest\u00e3o Tribut\u00e1ria"},"content":{"rendered":"<p>Voc\u00ea aprende sobre Gest\u00e3o Tribut\u00e1ria, que \u00e9 o processo pelo qual os contribuintes, especialmente as empresas, passam na busca da minimiza\u00e7\u00e3o dos custos relacionados \u00e0 carga tribut\u00e1ria. Todas as empresas tem como objetivo o lucro, que pode ser alcan\u00e7ado com a minimiza\u00e7\u00e3o de custos. O curso vai abordar diversos t\u00f3picos como: sistema constitucional tribut\u00e1rio, obriga\u00e7\u00e3o tribut\u00e1ria, tributos em esp\u00e9cie, impostos de compet\u00eancia, fiscaliza\u00e7\u00e3o dentre outros.<\/p>\n<p>Sobre a carga hor\u00e1ria:<br \/>\nO curso possui 80 horas de carga hor\u00e1ria. Por\u00e9m, se for conclu\u00eddo antes de 5 dias, passa a ter 10 horas de carga hor\u00e1ria. Conforme nosso contrato e termos de uso.<\/p>\n","protected":false},"excerpt":{"rendered":"<p>Voc\u00ea aprende sobre Gest\u00e3o Tribut\u00e1ria, que \u00e9 o processo pelo qual os contribuintes, especialmente as empresas, passam na busca da minimiza\u00e7\u00e3o dos custos relacionados \u00e0 carga tribut\u00e1ria. Todas as empresas tem como objetivo o lucro, que pode ser alcan\u00e7ado com a minimiza\u00e7\u00e3o de custos. O curso vai abordar diversos t\u00f3picos como: sistema constitucional tribut\u00e1rio, obriga\u00e7\u00e3o tribut\u00e1ria, tributos em esp\u00e9cie, impostos [&hellip;]<\/p>\n","protected":false},"featured_media":0,"comment_status":"open","ping_status":"closed","template":"","meta":[],"product_brand":[],"product_cat":[223],"product_tag":[],"class_list":{"0":"post-16964","1":"product","2":"type-product","3":"status-publish","5":"product_cat-gestao-e-lideranca","6":"post","8":"first","9":"instock","10":"virtual","11":"sold-individually","12":"product-type-simple"},"_links":{"self":[{"href":"https:\/\/treina.online\/index.php?rest_route=\/wp\/v2\/product\/16964","targetHints":{"allow":["GET"]}}],"collection":[{"href":"https:\/\/treina.online\/index.php?rest_route=\/wp\/v2\/product"}],"about":[{"href":"https:\/\/treina.online\/index.php?rest_route=\/wp\/v2\/types\/product"}],"replies":[{"embeddable":true,"href":"https:\/\/treina.online\/index.php?rest_route=%2Fwp%2Fv2%2Fcomments&post=16964"}],"version-history":[{"count":0,"href":"https:\/\/treina.online\/index.php?rest_route=\/wp\/v2\/product\/16964\/revisions"}],"wp:attachment":[{"href":"https:\/\/treina.online\/index.php?rest_route=%2Fwp%2Fv2%2Fmedia&parent=16964"}],"wp:term":[{"taxonomy":"product_brand","embeddable":true,"href":"https:\/\/treina.online\/index.php?rest_route=%2Fwp%2Fv2%2Fproduct_brand&post=16964"},{"taxonomy":"product_cat","embeddable":true,"href":"https:\/\/treina.online\/index.php?rest_route=%2Fwp%2Fv2%2Fproduct_cat&post=16964"},{"taxonomy":"product_tag","embeddable":true,"href":"https:\/\/treina.online\/index.php?rest_route=%2Fwp%2Fv2%2Fproduct_tag&post=16964"}],"curies":[{"name":"wp","href":"https:\/\/api.w.org\/{rel}","templated":true}]}}