{"id":16953,"date":"2021-01-24T18:04:48","date_gmt":"2021-01-24T20:04:48","guid":{"rendered":"http:\/\/ecursos.treinaonline.com\/produto\/curso-de-gestao-de-qualidade\/"},"modified":"2021-01-24T18:04:48","modified_gmt":"2021-01-24T20:04:48","slug":"curso-de-gestao-de-qualidade","status":"publish","type":"product","link":"https:\/\/treina.online\/?product=curso-de-gestao-de-qualidade","title":{"rendered":"Curso de Gest\u00e3o de Qualidade"},"content":{"rendered":"<p>Aborda apresentar ferramentas que ajudam as empresas a se tornarem mais competitivas, como: 5 PDCA, benchmarking, satisfa\u00e7\u00e3o do cliente, c\u00edrculos de controle da qualidade, controle estat\u00edstico do processo, as sete ferramentas da qualidade, programa 5S, programa Kaizen entre outros.<\/p>\n<p>Sobre a carga hor\u00e1ria:<br \/>\nO curso possui 80 horas de carga hor\u00e1ria. Por\u00e9m, se for conclu\u00eddo antes de 5 dias, passa a ter 10 horas de carga hor\u00e1ria. Conforme nosso contrato e termos de uso.<\/p>\n","protected":false},"excerpt":{"rendered":"<p>Aborda apresentar ferramentas que ajudam as empresas a se tornarem mais competitivas, como: 5 PDCA, benchmarking, satisfa\u00e7\u00e3o do cliente, c\u00edrculos de controle da qualidade, controle estat\u00edstico do processo, as sete ferramentas da qualidade, programa 5S, programa Kaizen entre outros. Sobre a carga hor\u00e1ria: O curso possui 80 horas de carga hor\u00e1ria. Por\u00e9m, se for conclu\u00eddo antes de 5 dias, passa [&hellip;]<\/p>\n","protected":false},"featured_media":0,"comment_status":"open","ping_status":"closed","template":"","meta":[],"product_brand":[],"product_cat":[223],"product_tag":[],"class_list":{"0":"post-16953","1":"product","2":"type-product","3":"status-publish","5":"product_cat-gestao-e-lideranca","6":"post","8":"first","9":"instock","10":"virtual","11":"sold-individually","12":"product-type-simple"},"_links":{"self":[{"href":"https:\/\/treina.online\/index.php?rest_route=\/wp\/v2\/product\/16953","targetHints":{"allow":["GET"]}}],"collection":[{"href":"https:\/\/treina.online\/index.php?rest_route=\/wp\/v2\/product"}],"about":[{"href":"https:\/\/treina.online\/index.php?rest_route=\/wp\/v2\/types\/product"}],"replies":[{"embeddable":true,"href":"https:\/\/treina.online\/index.php?rest_route=%2Fwp%2Fv2%2Fcomments&post=16953"}],"version-history":[{"count":0,"href":"https:\/\/treina.online\/index.php?rest_route=\/wp\/v2\/product\/16953\/revisions"}],"wp:attachment":[{"href":"https:\/\/treina.online\/index.php?rest_route=%2Fwp%2Fv2%2Fmedia&parent=16953"}],"wp:term":[{"taxonomy":"product_brand","embeddable":true,"href":"https:\/\/treina.online\/index.php?rest_route=%2Fwp%2Fv2%2Fproduct_brand&post=16953"},{"taxonomy":"product_cat","embeddable":true,"href":"https:\/\/treina.online\/index.php?rest_route=%2Fwp%2Fv2%2Fproduct_cat&post=16953"},{"taxonomy":"product_tag","embeddable":true,"href":"https:\/\/treina.online\/index.php?rest_route=%2Fwp%2Fv2%2Fproduct_tag&post=16953"}],"curies":[{"name":"wp","href":"https:\/\/api.w.org\/{rel}","templated":true}]}}