{"id":16948,"date":"2021-01-24T18:04:44","date_gmt":"2021-01-24T20:04:44","guid":{"rendered":"http:\/\/ecursos.treinaonline.com\/produto\/curso-de-gestao-de-ppcpm\/"},"modified":"2021-01-24T18:04:44","modified_gmt":"2021-01-24T20:04:44","slug":"curso-de-gestao-de-ppcpm","status":"publish","type":"product","link":"https:\/\/treina.online\/?product=curso-de-gestao-de-ppcpm","title":{"rendered":"Curso de Gest\u00e3o de PPCPM"},"content":{"rendered":"<p>Apresenta a gest\u00e3o estrat\u00e9gica e tamb\u00e9m operacional de toda a parte de controle e planejamento de produ\u00e7\u00e3o; o programa mestre de produ\u00e7\u00e3o; a \u00e1rvore de produtos; parte de planejamento e muito mais.<\/p>\n<p>Sobre a carga hor\u00e1ria:<br \/>\nO curso possui 80 horas de carga hor\u00e1ria. Por\u00e9m, se for conclu\u00eddo antes de 5 dias, passa a ter 10 horas de carga hor\u00e1ria. Conforme nosso contrato e termos de uso.<\/p>\n","protected":false},"excerpt":{"rendered":"<p>Apresenta a gest\u00e3o estrat\u00e9gica e tamb\u00e9m operacional de toda a parte de controle e planejamento de produ\u00e7\u00e3o; o programa mestre de produ\u00e7\u00e3o; a \u00e1rvore de produtos; parte de planejamento e muito mais. Sobre a carga hor\u00e1ria: O curso possui 80 horas de carga hor\u00e1ria. Por\u00e9m, se for conclu\u00eddo antes de 5 dias, passa a ter 10 horas de carga hor\u00e1ria. [&hellip;]<\/p>\n","protected":false},"featured_media":0,"comment_status":"open","ping_status":"closed","template":"","meta":[],"product_brand":[],"product_cat":[227],"product_tag":[],"class_list":{"0":"post-16948","1":"product","2":"type-product","3":"status-publish","5":"product_cat-logistica","6":"post","8":"first","9":"instock","10":"virtual","11":"sold-individually","12":"product-type-simple"},"_links":{"self":[{"href":"https:\/\/treina.online\/index.php?rest_route=\/wp\/v2\/product\/16948","targetHints":{"allow":["GET"]}}],"collection":[{"href":"https:\/\/treina.online\/index.php?rest_route=\/wp\/v2\/product"}],"about":[{"href":"https:\/\/treina.online\/index.php?rest_route=\/wp\/v2\/types\/product"}],"replies":[{"embeddable":true,"href":"https:\/\/treina.online\/index.php?rest_route=%2Fwp%2Fv2%2Fcomments&post=16948"}],"version-history":[{"count":0,"href":"https:\/\/treina.online\/index.php?rest_route=\/wp\/v2\/product\/16948\/revisions"}],"wp:attachment":[{"href":"https:\/\/treina.online\/index.php?rest_route=%2Fwp%2Fv2%2Fmedia&parent=16948"}],"wp:term":[{"taxonomy":"product_brand","embeddable":true,"href":"https:\/\/treina.online\/index.php?rest_route=%2Fwp%2Fv2%2Fproduct_brand&post=16948"},{"taxonomy":"product_cat","embeddable":true,"href":"https:\/\/treina.online\/index.php?rest_route=%2Fwp%2Fv2%2Fproduct_cat&post=16948"},{"taxonomy":"product_tag","embeddable":true,"href":"https:\/\/treina.online\/index.php?rest_route=%2Fwp%2Fv2%2Fproduct_tag&post=16948"}],"curies":[{"name":"wp","href":"https:\/\/api.w.org\/{rel}","templated":true}]}}