{"id":16929,"date":"2021-01-24T18:04:26","date_gmt":"2021-01-24T20:04:26","guid":{"rendered":"http:\/\/ecursos.treinaonline.com\/produto\/curso-de-gerenciamento-da-mudanca-treinamento-para-mudanca\/"},"modified":"2021-01-24T18:04:26","modified_gmt":"2021-01-24T20:04:26","slug":"curso-de-gerenciamento-da-mudanca-treinamento-para-mudanca","status":"publish","type":"product","link":"https:\/\/treina.online\/?product=curso-de-gerenciamento-da-mudanca-treinamento-para-mudanca","title":{"rendered":"Curso de Gerenciamento da Mudan\u00e7a: Treinamento para Mudan\u00e7a"},"content":{"rendered":"<p>Explica Estrat\u00e9gias de Treinamento Para Mudan\u00e7a , Fatores Cr\u00edticos Para o Sucesso do Treinamento, Apresenta\u00e7\u00e3o de Modelo de Plano de Treinamento e Estrutura de Avalia\u00e7\u00e3o .<\/p>\n<p>Sobre a carga hor\u00e1ria:<br \/>\nO curso possui 5 horas de carga hor\u00e1ria.<\/p>\n","protected":false},"excerpt":{"rendered":"<p>Explica Estrat\u00e9gias de Treinamento Para Mudan\u00e7a , Fatores Cr\u00edticos Para o Sucesso do Treinamento, Apresenta\u00e7\u00e3o de Modelo de Plano de Treinamento e Estrutura de Avalia\u00e7\u00e3o . Sobre a carga hor\u00e1ria: O curso possui 5 horas de carga hor\u00e1ria.<\/p>\n","protected":false},"featured_media":0,"comment_status":"open","ping_status":"closed","template":"","meta":[],"product_brand":[],"product_cat":[236],"product_tag":[],"class_list":{"0":"post-16929","1":"product","2":"type-product","3":"status-publish","5":"product_cat-recursos-humanos","6":"post","8":"first","9":"instock","10":"virtual","11":"sold-individually","12":"product-type-simple"},"_links":{"self":[{"href":"https:\/\/treina.online\/index.php?rest_route=\/wp\/v2\/product\/16929","targetHints":{"allow":["GET"]}}],"collection":[{"href":"https:\/\/treina.online\/index.php?rest_route=\/wp\/v2\/product"}],"about":[{"href":"https:\/\/treina.online\/index.php?rest_route=\/wp\/v2\/types\/product"}],"replies":[{"embeddable":true,"href":"https:\/\/treina.online\/index.php?rest_route=%2Fwp%2Fv2%2Fcomments&post=16929"}],"version-history":[{"count":0,"href":"https:\/\/treina.online\/index.php?rest_route=\/wp\/v2\/product\/16929\/revisions"}],"wp:attachment":[{"href":"https:\/\/treina.online\/index.php?rest_route=%2Fwp%2Fv2%2Fmedia&parent=16929"}],"wp:term":[{"taxonomy":"product_brand","embeddable":true,"href":"https:\/\/treina.online\/index.php?rest_route=%2Fwp%2Fv2%2Fproduct_brand&post=16929"},{"taxonomy":"product_cat","embeddable":true,"href":"https:\/\/treina.online\/index.php?rest_route=%2Fwp%2Fv2%2Fproduct_cat&post=16929"},{"taxonomy":"product_tag","embeddable":true,"href":"https:\/\/treina.online\/index.php?rest_route=%2Fwp%2Fv2%2Fproduct_tag&post=16929"}],"curies":[{"name":"wp","href":"https:\/\/api.w.org\/{rel}","templated":true}]}}