{"id":16927,"date":"2021-01-24T18:04:24","date_gmt":"2021-01-24T20:04:24","guid":{"rendered":"http:\/\/ecursos.treinaonline.com\/produto\/curso-de-geografia-para-o-enem-movimentos-migratorios\/"},"modified":"2021-01-24T18:04:24","modified_gmt":"2021-01-24T20:04:24","slug":"curso-de-geografia-para-o-enem-movimentos-migratorios","status":"publish","type":"product","link":"https:\/\/treina.online\/?product=curso-de-geografia-para-o-enem-movimentos-migratorios","title":{"rendered":"Curso de Geografia para o Enem: Movimentos Migrat\u00f3rios"},"content":{"rendered":"<p>Aborda Movimentos Migrat\u00f3rios &#8211; Fases Migrat\u00f3rias e Exemplos Atuais Parte 1, Movimentos Migrat\u00f3rios &#8211; Fases Migrat\u00f3rias e Exemplos Atuais Parte 2, Movimentos Migrat\u00f3rios &#8211; A\u00e7\u00f5es e suas Consequ\u00eancias e Formul\u00e1rio.<\/p>\n<p>Sobre a carga hor\u00e1ria:<br \/>\nO curso possui 10 horas de carga hor\u00e1ria.<\/p>\n","protected":false},"excerpt":{"rendered":"<p>Aborda Movimentos Migrat\u00f3rios &#8211; Fases Migrat\u00f3rias e Exemplos Atuais Parte 1, Movimentos Migrat\u00f3rios &#8211; Fases Migrat\u00f3rias e Exemplos Atuais Parte 2, Movimentos Migrat\u00f3rios &#8211; A\u00e7\u00f5es e suas Consequ\u00eancias e Formul\u00e1rio. Sobre a carga hor\u00e1ria: O curso possui 10 horas de carga hor\u00e1ria.<\/p>\n","protected":false},"featured_media":0,"comment_status":"open","ping_status":"closed","template":"","meta":[],"product_brand":[],"product_cat":[210],"product_tag":[],"class_list":{"0":"post-16927","1":"product","2":"type-product","3":"status-publish","5":"product_cat-cursinho-pre-vestibular","6":"post","8":"first","9":"instock","10":"virtual","11":"sold-individually","12":"product-type-simple"},"_links":{"self":[{"href":"https:\/\/treina.online\/index.php?rest_route=\/wp\/v2\/product\/16927","targetHints":{"allow":["GET"]}}],"collection":[{"href":"https:\/\/treina.online\/index.php?rest_route=\/wp\/v2\/product"}],"about":[{"href":"https:\/\/treina.online\/index.php?rest_route=\/wp\/v2\/types\/product"}],"replies":[{"embeddable":true,"href":"https:\/\/treina.online\/index.php?rest_route=%2Fwp%2Fv2%2Fcomments&post=16927"}],"version-history":[{"count":0,"href":"https:\/\/treina.online\/index.php?rest_route=\/wp\/v2\/product\/16927\/revisions"}],"wp:attachment":[{"href":"https:\/\/treina.online\/index.php?rest_route=%2Fwp%2Fv2%2Fmedia&parent=16927"}],"wp:term":[{"taxonomy":"product_brand","embeddable":true,"href":"https:\/\/treina.online\/index.php?rest_route=%2Fwp%2Fv2%2Fproduct_brand&post=16927"},{"taxonomy":"product_cat","embeddable":true,"href":"https:\/\/treina.online\/index.php?rest_route=%2Fwp%2Fv2%2Fproduct_cat&post=16927"},{"taxonomy":"product_tag","embeddable":true,"href":"https:\/\/treina.online\/index.php?rest_route=%2Fwp%2Fv2%2Fproduct_tag&post=16927"}],"curies":[{"name":"wp","href":"https:\/\/api.w.org\/{rel}","templated":true}]}}