{"id":16926,"date":"2021-01-24T18:04:23","date_gmt":"2021-01-24T20:04:23","guid":{"rendered":"http:\/\/ecursos.treinaonline.com\/produto\/curso-de-geografia-infantil-modulo-ii\/"},"modified":"2021-01-24T18:04:23","modified_gmt":"2021-01-24T20:04:23","slug":"curso-de-geografia-infantil-modulo-ii","status":"publish","type":"product","link":"https:\/\/treina.online\/?product=curso-de-geografia-infantil-modulo-ii","title":{"rendered":"Curso de Geografia Infantil &#8211; M\u00f3dulo II"},"content":{"rendered":"<p>Voc\u00ea aprende conte\u00fados detalhados sobre a cidade, o trabalho da ind\u00fastria na cidade, tipos de agricultura, tipos de pecu\u00e1ria, clima e a agricultura, relevo e o solo na agricultura. Vai desenvolver diversas atividades durante o curso para um melhor entendimento da mat\u00e9ria.<\/p>\n<p>Sobre a carga hor\u00e1ria:<br \/>\nO curso possui 40 horas de carga hor\u00e1ria. Por\u00e9m, se for conclu\u00eddo antes de 5 dias, passa a ter 10 horas de carga hor\u00e1ria. Conforme nosso contrato e termos de uso.<\/p>\n","protected":false},"excerpt":{"rendered":"<p>Voc\u00ea aprende conte\u00fados detalhados sobre a cidade, o trabalho da ind\u00fastria na cidade, tipos de agricultura, tipos de pecu\u00e1ria, clima e a agricultura, relevo e o solo na agricultura. Vai desenvolver diversas atividades durante o curso para um melhor entendimento da mat\u00e9ria. Sobre a carga hor\u00e1ria: O curso possui 40 horas de carga hor\u00e1ria. Por\u00e9m, se for conclu\u00eddo antes de [&hellip;]<\/p>\n","protected":false},"featured_media":0,"comment_status":"open","ping_status":"closed","template":"","meta":[],"product_brand":[],"product_cat":[157],"product_tag":[],"class_list":{"0":"post-16926","1":"product","2":"type-product","3":"status-publish","5":"product_cat-sem-categoria","6":"post","8":"first","9":"instock","10":"virtual","11":"sold-individually","12":"product-type-simple"},"_links":{"self":[{"href":"https:\/\/treina.online\/index.php?rest_route=\/wp\/v2\/product\/16926","targetHints":{"allow":["GET"]}}],"collection":[{"href":"https:\/\/treina.online\/index.php?rest_route=\/wp\/v2\/product"}],"about":[{"href":"https:\/\/treina.online\/index.php?rest_route=\/wp\/v2\/types\/product"}],"replies":[{"embeddable":true,"href":"https:\/\/treina.online\/index.php?rest_route=%2Fwp%2Fv2%2Fcomments&post=16926"}],"version-history":[{"count":0,"href":"https:\/\/treina.online\/index.php?rest_route=\/wp\/v2\/product\/16926\/revisions"}],"wp:attachment":[{"href":"https:\/\/treina.online\/index.php?rest_route=%2Fwp%2Fv2%2Fmedia&parent=16926"}],"wp:term":[{"taxonomy":"product_brand","embeddable":true,"href":"https:\/\/treina.online\/index.php?rest_route=%2Fwp%2Fv2%2Fproduct_brand&post=16926"},{"taxonomy":"product_cat","embeddable":true,"href":"https:\/\/treina.online\/index.php?rest_route=%2Fwp%2Fv2%2Fproduct_cat&post=16926"},{"taxonomy":"product_tag","embeddable":true,"href":"https:\/\/treina.online\/index.php?rest_route=%2Fwp%2Fv2%2Fproduct_tag&post=16926"}],"curies":[{"name":"wp","href":"https:\/\/api.w.org\/{rel}","templated":true}]}}