{"id":16918,"date":"2021-01-24T18:04:11","date_gmt":"2021-01-24T20:04:11","guid":{"rendered":"http:\/\/ecursos.treinaonline.com\/produto\/curso-de-fuxico-avancado-flores\/"},"modified":"2021-01-24T18:04:11","modified_gmt":"2021-01-24T20:04:11","slug":"curso-de-fuxico-avancado-flores","status":"publish","type":"product","link":"https:\/\/treina.online\/?product=curso-de-fuxico-avancado-flores","title":{"rendered":"Curso de Fuxico Avan\u00e7ado: Flores"},"content":{"rendered":"<p>Apresenta Fuxico \u0096 Flores com sobreposi\u00e7\u00e3o de p\u00e9talas, Flores com enchimento e Flores de feltro com as p\u00e9talas sobrepostas.<\/p>\n<p>Sobre a carga hor\u00e1ria:<br \/>\nO curso possui 2 horas de carga hor\u00e1ria.<\/p>\n","protected":false},"excerpt":{"rendered":"<p>Apresenta Fuxico \u0096 Flores com sobreposi\u00e7\u00e3o de p\u00e9talas, Flores com enchimento e Flores de feltro com as p\u00e9talas sobrepostas. Sobre a carga hor\u00e1ria: O curso possui 2 horas de carga hor\u00e1ria.<\/p>\n","protected":false},"featured_media":0,"comment_status":"open","ping_status":"closed","template":"","meta":[],"product_brand":[],"product_cat":[203],"product_tag":[],"class_list":{"0":"post-16918","1":"product","2":"type-product","3":"status-publish","5":"product_cat-artesanato","6":"post","8":"first","9":"instock","10":"virtual","11":"sold-individually","12":"product-type-simple"},"_links":{"self":[{"href":"https:\/\/treina.online\/index.php?rest_route=\/wp\/v2\/product\/16918","targetHints":{"allow":["GET"]}}],"collection":[{"href":"https:\/\/treina.online\/index.php?rest_route=\/wp\/v2\/product"}],"about":[{"href":"https:\/\/treina.online\/index.php?rest_route=\/wp\/v2\/types\/product"}],"replies":[{"embeddable":true,"href":"https:\/\/treina.online\/index.php?rest_route=%2Fwp%2Fv2%2Fcomments&post=16918"}],"version-history":[{"count":0,"href":"https:\/\/treina.online\/index.php?rest_route=\/wp\/v2\/product\/16918\/revisions"}],"wp:attachment":[{"href":"https:\/\/treina.online\/index.php?rest_route=%2Fwp%2Fv2%2Fmedia&parent=16918"}],"wp:term":[{"taxonomy":"product_brand","embeddable":true,"href":"https:\/\/treina.online\/index.php?rest_route=%2Fwp%2Fv2%2Fproduct_brand&post=16918"},{"taxonomy":"product_cat","embeddable":true,"href":"https:\/\/treina.online\/index.php?rest_route=%2Fwp%2Fv2%2Fproduct_cat&post=16918"},{"taxonomy":"product_tag","embeddable":true,"href":"https:\/\/treina.online\/index.php?rest_route=%2Fwp%2Fv2%2Fproduct_tag&post=16918"}],"curies":[{"name":"wp","href":"https:\/\/api.w.org\/{rel}","templated":true}]}}