{"id":16913,"date":"2021-01-24T18:04:08","date_gmt":"2021-01-24T20:04:08","guid":{"rendered":"http:\/\/ecursos.treinaonline.com\/produto\/curso-de-fotojornalismo\/"},"modified":"2021-01-24T18:04:08","modified_gmt":"2021-01-24T20:04:08","slug":"curso-de-fotojornalismo","status":"publish","type":"product","link":"https:\/\/treina.online\/?product=curso-de-fotojornalismo","title":{"rendered":"Curso de Fotojornalismo"},"content":{"rendered":"<p>Explica os conceitos e t\u00e9cnicas para voc\u00ea elaborar e produzir imagens fotojornal\u00edsticas para m\u00eddia impressa e eletr\u00f4nica. Com aulas pr\u00e1ticas e explana\u00e7\u00f5es te\u00f3ricas, vamos abordar os equipamentos, linguagem, edi\u00e7\u00e3o, grandes fotografias e fot\u00f3grafos, \u00e9tica das fotografias jornal\u00edsticas, como comercializar suas fotos, culturas, Street Photography, fotografia de conflito.<\/p>\n<p>Sobre a carga hor\u00e1ria:<br \/>\nO curso possui 80 horas de carga hor\u00e1ria. Por\u00e9m, se for conclu\u00eddo antes de 5 dias, passa a ter 10 horas de carga hor\u00e1ria. Conforme nosso contrato e termos de uso.<\/p>\n","protected":false},"excerpt":{"rendered":"<p>Explica os conceitos e t\u00e9cnicas para voc\u00ea elaborar e produzir imagens fotojornal\u00edsticas para m\u00eddia impressa e eletr\u00f4nica. Com aulas pr\u00e1ticas e explana\u00e7\u00f5es te\u00f3ricas, vamos abordar os equipamentos, linguagem, edi\u00e7\u00e3o, grandes fotografias e fot\u00f3grafos, \u00e9tica das fotografias jornal\u00edsticas, como comercializar suas fotos, culturas, Street Photography, fotografia de conflito. Sobre a carga hor\u00e1ria: O curso possui 80 horas de carga hor\u00e1ria. Por\u00e9m, [&hellip;]<\/p>\n","protected":false},"featured_media":0,"comment_status":"open","ping_status":"closed","template":"","meta":[],"product_brand":[],"product_cat":[222],"product_tag":[],"class_list":{"0":"post-16913","1":"product","2":"type-product","3":"status-publish","5":"product_cat-fotografia-e-video","6":"post","8":"first","9":"instock","10":"virtual","11":"sold-individually","12":"product-type-simple"},"_links":{"self":[{"href":"https:\/\/treina.online\/index.php?rest_route=\/wp\/v2\/product\/16913","targetHints":{"allow":["GET"]}}],"collection":[{"href":"https:\/\/treina.online\/index.php?rest_route=\/wp\/v2\/product"}],"about":[{"href":"https:\/\/treina.online\/index.php?rest_route=\/wp\/v2\/types\/product"}],"replies":[{"embeddable":true,"href":"https:\/\/treina.online\/index.php?rest_route=%2Fwp%2Fv2%2Fcomments&post=16913"}],"version-history":[{"count":0,"href":"https:\/\/treina.online\/index.php?rest_route=\/wp\/v2\/product\/16913\/revisions"}],"wp:attachment":[{"href":"https:\/\/treina.online\/index.php?rest_route=%2Fwp%2Fv2%2Fmedia&parent=16913"}],"wp:term":[{"taxonomy":"product_brand","embeddable":true,"href":"https:\/\/treina.online\/index.php?rest_route=%2Fwp%2Fv2%2Fproduct_brand&post=16913"},{"taxonomy":"product_cat","embeddable":true,"href":"https:\/\/treina.online\/index.php?rest_route=%2Fwp%2Fv2%2Fproduct_cat&post=16913"},{"taxonomy":"product_tag","embeddable":true,"href":"https:\/\/treina.online\/index.php?rest_route=%2Fwp%2Fv2%2Fproduct_tag&post=16913"}],"curies":[{"name":"wp","href":"https:\/\/api.w.org\/{rel}","templated":true}]}}