{"id":16904,"date":"2021-01-24T18:04:02","date_gmt":"2021-01-24T20:04:02","guid":{"rendered":"http:\/\/ecursos.treinaonline.com\/produto\/curso-de-flash-cs5-animacao-quadro-a-quadro\/"},"modified":"2021-01-24T18:04:02","modified_gmt":"2021-01-24T20:04:02","slug":"curso-de-flash-cs5-animacao-quadro-a-quadro","status":"publish","type":"product","link":"https:\/\/treina.online\/?product=curso-de-flash-cs5-animacao-quadro-a-quadro","title":{"rendered":"Curso de Flash CS5: Anima\u00e7\u00e3o Quadro a Quadro"},"content":{"rendered":"<p>Voc\u00ea aprende Anima\u00e7\u00e3o quadro a quadro  , Motion Tween, Motion Editor e Ease e Motion Presets.<\/p>\n<p>Sobre a carga hor\u00e1ria:<br \/>\nO curso possui 5 horas de carga hor\u00e1ria.<\/p>\n","protected":false},"excerpt":{"rendered":"<p>Voc\u00ea aprende Anima\u00e7\u00e3o quadro a quadro , Motion Tween, Motion Editor e Ease e Motion Presets. Sobre a carga hor\u00e1ria: O curso possui 5 horas de carga hor\u00e1ria.<\/p>\n","protected":false},"featured_media":0,"comment_status":"open","ping_status":"closed","template":"","meta":[],"product_brand":[],"product_cat":[201],"product_tag":[],"class_list":{"0":"post-16904","1":"product","2":"type-product","3":"status-publish","5":"product_cat-animacoes-e-design","6":"post","8":"first","9":"instock","10":"virtual","11":"sold-individually","12":"product-type-simple"},"_links":{"self":[{"href":"https:\/\/treina.online\/index.php?rest_route=\/wp\/v2\/product\/16904","targetHints":{"allow":["GET"]}}],"collection":[{"href":"https:\/\/treina.online\/index.php?rest_route=\/wp\/v2\/product"}],"about":[{"href":"https:\/\/treina.online\/index.php?rest_route=\/wp\/v2\/types\/product"}],"replies":[{"embeddable":true,"href":"https:\/\/treina.online\/index.php?rest_route=%2Fwp%2Fv2%2Fcomments&post=16904"}],"version-history":[{"count":0,"href":"https:\/\/treina.online\/index.php?rest_route=\/wp\/v2\/product\/16904\/revisions"}],"wp:attachment":[{"href":"https:\/\/treina.online\/index.php?rest_route=%2Fwp%2Fv2%2Fmedia&parent=16904"}],"wp:term":[{"taxonomy":"product_brand","embeddable":true,"href":"https:\/\/treina.online\/index.php?rest_route=%2Fwp%2Fv2%2Fproduct_brand&post=16904"},{"taxonomy":"product_cat","embeddable":true,"href":"https:\/\/treina.online\/index.php?rest_route=%2Fwp%2Fv2%2Fproduct_cat&post=16904"},{"taxonomy":"product_tag","embeddable":true,"href":"https:\/\/treina.online\/index.php?rest_route=%2Fwp%2Fv2%2Fproduct_tag&post=16904"}],"curies":[{"name":"wp","href":"https:\/\/api.w.org\/{rel}","templated":true}]}}