{"id":16899,"date":"2021-01-24T18:03:54","date_gmt":"2021-01-24T20:03:54","guid":{"rendered":"http:\/\/ecursos.treinaonline.com\/produto\/curso-de-fisica-enem-velocidade-media\/"},"modified":"2021-01-24T18:03:54","modified_gmt":"2021-01-24T20:03:54","slug":"curso-de-fisica-enem-velocidade-media","status":"publish","type":"product","link":"https:\/\/treina.online\/?product=curso-de-fisica-enem-velocidade-media","title":{"rendered":"Curso de F\u00edsica &#8211; Enem: Velocidade M\u00e9dia"},"content":{"rendered":"<p>Ensina Velocidade M\u00e9dia Parte 1, Velocidade M\u00e9dia Parte 2, Velocidade M\u00e9dia Parte 3 e Formul\u00e1rio.<\/p>\n<p>Sobre a carga hor\u00e1ria:<br \/>\nO curso possui 10 horas de carga hor\u00e1ria.<\/p>\n","protected":false},"excerpt":{"rendered":"<p>Ensina Velocidade M\u00e9dia Parte 1, Velocidade M\u00e9dia Parte 2, Velocidade M\u00e9dia Parte 3 e Formul\u00e1rio. Sobre a carga hor\u00e1ria: O curso possui 10 horas de carga hor\u00e1ria.<\/p>\n","protected":false},"featured_media":0,"comment_status":"open","ping_status":"closed","template":"","meta":[],"product_brand":[],"product_cat":[210],"product_tag":[],"class_list":{"0":"post-16899","1":"product","2":"type-product","3":"status-publish","5":"product_cat-cursinho-pre-vestibular","6":"post","8":"first","9":"instock","10":"virtual","11":"sold-individually","12":"product-type-simple"},"_links":{"self":[{"href":"https:\/\/treina.online\/index.php?rest_route=\/wp\/v2\/product\/16899","targetHints":{"allow":["GET"]}}],"collection":[{"href":"https:\/\/treina.online\/index.php?rest_route=\/wp\/v2\/product"}],"about":[{"href":"https:\/\/treina.online\/index.php?rest_route=\/wp\/v2\/types\/product"}],"replies":[{"embeddable":true,"href":"https:\/\/treina.online\/index.php?rest_route=%2Fwp%2Fv2%2Fcomments&post=16899"}],"version-history":[{"count":0,"href":"https:\/\/treina.online\/index.php?rest_route=\/wp\/v2\/product\/16899\/revisions"}],"wp:attachment":[{"href":"https:\/\/treina.online\/index.php?rest_route=%2Fwp%2Fv2%2Fmedia&parent=16899"}],"wp:term":[{"taxonomy":"product_brand","embeddable":true,"href":"https:\/\/treina.online\/index.php?rest_route=%2Fwp%2Fv2%2Fproduct_brand&post=16899"},{"taxonomy":"product_cat","embeddable":true,"href":"https:\/\/treina.online\/index.php?rest_route=%2Fwp%2Fv2%2Fproduct_cat&post=16899"},{"taxonomy":"product_tag","embeddable":true,"href":"https:\/\/treina.online\/index.php?rest_route=%2Fwp%2Fv2%2Fproduct_tag&post=16899"}],"curies":[{"name":"wp","href":"https:\/\/api.w.org\/{rel}","templated":true}]}}