{"id":16885,"date":"2021-01-24T18:03:43","date_gmt":"2021-01-24T20:03:43","guid":{"rendered":"http:\/\/ecursos.treinaonline.com\/produto\/curso-de-facebook-para-negocios\/"},"modified":"2021-01-24T18:03:43","modified_gmt":"2021-01-24T20:03:43","slug":"curso-de-facebook-para-negocios","status":"publish","type":"product","link":"https:\/\/treina.online\/?product=curso-de-facebook-para-negocios","title":{"rendered":"Curso de Facebook para Neg\u00f3cios"},"content":{"rendered":"<p>Explica como funciona o Facebook para empresas e como empresas e profissionais liberais podem se beneficiar com a rede social. Al\u00e9m disso, voc\u00ea vai aprender o passo a passo de como criar uma fanpage, como gerenci\u00e1-la, como interagir com seu p\u00fablico, como produzir conte\u00fado de qualidade e muito mais.<\/p>\n<p>Sobre a carga hor\u00e1ria:<br \/>\nO curso possui 80 horas de carga hor\u00e1ria. Por\u00e9m, se for conclu\u00eddo antes de 5 dias, passa a ter 10 horas de carga hor\u00e1ria. Conforme nosso contrato e termos de uso.<\/p>\n","protected":false},"excerpt":{"rendered":"<p>Explica como funciona o Facebook para empresas e como empresas e profissionais liberais podem se beneficiar com a rede social. Al\u00e9m disso, voc\u00ea vai aprender o passo a passo de como criar uma fanpage, como gerenci\u00e1-la, como interagir com seu p\u00fablico, como produzir conte\u00fado de qualidade e muito mais. Sobre a carga hor\u00e1ria: O curso possui 80 horas de carga [&hellip;]<\/p>\n","protected":false},"featured_media":0,"comment_status":"open","ping_status":"closed","template":"","meta":[],"product_brand":[],"product_cat":[235],"product_tag":[],"class_list":{"0":"post-16885","1":"product","2":"type-product","3":"status-publish","5":"product_cat-publicidade-e-marketing","6":"post","8":"first","9":"instock","10":"virtual","11":"sold-individually","12":"product-type-simple"},"_links":{"self":[{"href":"https:\/\/treina.online\/index.php?rest_route=\/wp\/v2\/product\/16885","targetHints":{"allow":["GET"]}}],"collection":[{"href":"https:\/\/treina.online\/index.php?rest_route=\/wp\/v2\/product"}],"about":[{"href":"https:\/\/treina.online\/index.php?rest_route=\/wp\/v2\/types\/product"}],"replies":[{"embeddable":true,"href":"https:\/\/treina.online\/index.php?rest_route=%2Fwp%2Fv2%2Fcomments&post=16885"}],"version-history":[{"count":0,"href":"https:\/\/treina.online\/index.php?rest_route=\/wp\/v2\/product\/16885\/revisions"}],"wp:attachment":[{"href":"https:\/\/treina.online\/index.php?rest_route=%2Fwp%2Fv2%2Fmedia&parent=16885"}],"wp:term":[{"taxonomy":"product_brand","embeddable":true,"href":"https:\/\/treina.online\/index.php?rest_route=%2Fwp%2Fv2%2Fproduct_brand&post=16885"},{"taxonomy":"product_cat","embeddable":true,"href":"https:\/\/treina.online\/index.php?rest_route=%2Fwp%2Fv2%2Fproduct_cat&post=16885"},{"taxonomy":"product_tag","embeddable":true,"href":"https:\/\/treina.online\/index.php?rest_route=%2Fwp%2Fv2%2Fproduct_tag&post=16885"}],"curies":[{"name":"wp","href":"https:\/\/api.w.org\/{rel}","templated":true}]}}