{"id":16882,"date":"2021-01-24T18:03:40","date_gmt":"2021-01-24T20:03:40","guid":{"rendered":"http:\/\/ecursos.treinaonline.com\/produto\/curso-de-excel-funcao-se\/"},"modified":"2021-01-24T18:03:40","modified_gmt":"2021-01-24T20:03:40","slug":"curso-de-excel-funcao-se","status":"publish","type":"product","link":"https:\/\/treina.online\/?product=curso-de-excel-funcao-se","title":{"rendered":"Curso de Excel: Fun\u00e7\u00e3o SE"},"content":{"rendered":"<p>Aborda F\u00f3rmulas Avan\u00e7adas: Fun\u00e7\u00e3o \u0093SE\u0094 &#8211; Conceito , Criando Fun\u00e7\u00e3o \u0093SE\u0094 I, Criando Fun\u00e7\u00e3o \u0093SE\u0094 II, F\u00f3rmulas Avan\u00e7adas II  e Congelar Pain\u00e9is e Cont. SE II .<\/p>\n<p>Sobre a carga hor\u00e1ria:<br \/>\nO curso possui 5 horas de carga hor\u00e1ria.<\/p>\n","protected":false},"excerpt":{"rendered":"<p>Aborda F\u00f3rmulas Avan\u00e7adas: Fun\u00e7\u00e3o \u0093SE\u0094 &#8211; Conceito , Criando Fun\u00e7\u00e3o \u0093SE\u0094 I, Criando Fun\u00e7\u00e3o \u0093SE\u0094 II, F\u00f3rmulas Avan\u00e7adas II e Congelar Pain\u00e9is e Cont. SE II . Sobre a carga hor\u00e1ria: O curso possui 5 horas de carga hor\u00e1ria.<\/p>\n","protected":false},"featured_media":0,"comment_status":"open","ping_status":"closed","template":"","meta":[],"product_brand":[],"product_cat":[225],"product_tag":[],"class_list":{"0":"post-16882","1":"product","2":"type-product","3":"status-publish","5":"product_cat-informatica","6":"post","8":"first","9":"instock","10":"virtual","11":"sold-individually","12":"product-type-simple"},"_links":{"self":[{"href":"https:\/\/treina.online\/index.php?rest_route=\/wp\/v2\/product\/16882","targetHints":{"allow":["GET"]}}],"collection":[{"href":"https:\/\/treina.online\/index.php?rest_route=\/wp\/v2\/product"}],"about":[{"href":"https:\/\/treina.online\/index.php?rest_route=\/wp\/v2\/types\/product"}],"replies":[{"embeddable":true,"href":"https:\/\/treina.online\/index.php?rest_route=%2Fwp%2Fv2%2Fcomments&post=16882"}],"version-history":[{"count":0,"href":"https:\/\/treina.online\/index.php?rest_route=\/wp\/v2\/product\/16882\/revisions"}],"wp:attachment":[{"href":"https:\/\/treina.online\/index.php?rest_route=%2Fwp%2Fv2%2Fmedia&parent=16882"}],"wp:term":[{"taxonomy":"product_brand","embeddable":true,"href":"https:\/\/treina.online\/index.php?rest_route=%2Fwp%2Fv2%2Fproduct_brand&post=16882"},{"taxonomy":"product_cat","embeddable":true,"href":"https:\/\/treina.online\/index.php?rest_route=%2Fwp%2Fv2%2Fproduct_cat&post=16882"},{"taxonomy":"product_tag","embeddable":true,"href":"https:\/\/treina.online\/index.php?rest_route=%2Fwp%2Fv2%2Fproduct_tag&post=16882"}],"curies":[{"name":"wp","href":"https:\/\/api.w.org\/{rel}","templated":true}]}}