{"id":16876,"date":"2021-01-24T18:03:30","date_gmt":"2021-01-24T20:03:30","guid":{"rendered":"http:\/\/ecursos.treinaonline.com\/produto\/curso-de-etica-politica-e-cidadania\/"},"modified":"2021-01-24T18:03:30","modified_gmt":"2021-01-24T20:03:30","slug":"curso-de-etica-politica-e-cidadania","status":"publish","type":"product","link":"https:\/\/treina.online\/?product=curso-de-etica-politica-e-cidadania","title":{"rendered":"Curso de \u00c9tica, Pol\u00edtica e Cidadania"},"content":{"rendered":"<p>Aborda o conceito de cidadania, explica a diferen\u00e7a entre Congresso Nacional, Senado Federal e C\u00e2mara dos Deputados. Fala sobre o papel do executivo (prefeitos, governadores, presidente). Al\u00e9m de abordar como funciona a corrup\u00e7\u00e3o e como evit\u00e1-la.<\/p>\n<p>Sobre a carga hor\u00e1ria:<br \/>\nO curso possui 4 horas de carga hor\u00e1ria.<\/p>\n","protected":false},"excerpt":{"rendered":"<p>Aborda o conceito de cidadania, explica a diferen\u00e7a entre Congresso Nacional, Senado Federal e C\u00e2mara dos Deputados. Fala sobre o papel do executivo (prefeitos, governadores, presidente). Al\u00e9m de abordar como funciona a corrup\u00e7\u00e3o e como evit\u00e1-la. Sobre a carga hor\u00e1ria: O curso possui 4 horas de carga hor\u00e1ria.<\/p>\n","protected":false},"featured_media":0,"comment_status":"open","ping_status":"closed","template":"","meta":[],"product_brand":[],"product_cat":[207],"product_tag":[],"class_list":{"0":"post-16876","1":"product","2":"type-product","3":"status-publish","5":"product_cat-cotidiano","6":"post","8":"first","9":"instock","10":"virtual","11":"sold-individually","12":"product-type-simple"},"_links":{"self":[{"href":"https:\/\/treina.online\/index.php?rest_route=\/wp\/v2\/product\/16876","targetHints":{"allow":["GET"]}}],"collection":[{"href":"https:\/\/treina.online\/index.php?rest_route=\/wp\/v2\/product"}],"about":[{"href":"https:\/\/treina.online\/index.php?rest_route=\/wp\/v2\/types\/product"}],"replies":[{"embeddable":true,"href":"https:\/\/treina.online\/index.php?rest_route=%2Fwp%2Fv2%2Fcomments&post=16876"}],"version-history":[{"count":0,"href":"https:\/\/treina.online\/index.php?rest_route=\/wp\/v2\/product\/16876\/revisions"}],"wp:attachment":[{"href":"https:\/\/treina.online\/index.php?rest_route=%2Fwp%2Fv2%2Fmedia&parent=16876"}],"wp:term":[{"taxonomy":"product_brand","embeddable":true,"href":"https:\/\/treina.online\/index.php?rest_route=%2Fwp%2Fv2%2Fproduct_brand&post=16876"},{"taxonomy":"product_cat","embeddable":true,"href":"https:\/\/treina.online\/index.php?rest_route=%2Fwp%2Fv2%2Fproduct_cat&post=16876"},{"taxonomy":"product_tag","embeddable":true,"href":"https:\/\/treina.online\/index.php?rest_route=%2Fwp%2Fv2%2Fproduct_tag&post=16876"}],"curies":[{"name":"wp","href":"https:\/\/api.w.org\/{rel}","templated":true}]}}