{"id":16875,"date":"2021-01-24T18:03:29","date_gmt":"2021-01-24T20:03:29","guid":{"rendered":"http:\/\/ecursos.treinaonline.com\/produto\/curso-de-etica-profissional\/"},"modified":"2021-01-24T18:03:29","modified_gmt":"2021-01-24T20:03:29","slug":"curso-de-etica-profissional","status":"publish","type":"product","link":"https:\/\/treina.online\/?product=curso-de-etica-profissional","title":{"rendered":"Curso de \u00c9tica Profissional"},"content":{"rendered":"<p>Explica conceitos de \u00e9tica e moral; a reflex\u00e3o sobre o comportamento \u00e9tico na vida profissional; as diferentes formas de aprimorar os relacionamentos interpessoais; tamb\u00e9m os segredos da comunica\u00e7\u00e3o organizacional, o funcionamento da \u00e9tica nas rela\u00e7\u00f5es de trabalho e como seus c\u00f3digos s\u00e3o desenvolvidos.<\/p>\n<p>Sobre a carga hor\u00e1ria:<br \/>\nO curso possui 80 horas de carga hor\u00e1ria. Por\u00e9m, se for conclu\u00eddo antes de 5 dias, passa a ter 10 horas de carga hor\u00e1ria. Conforme nosso contrato e termos de uso.<\/p>\n","protected":false},"excerpt":{"rendered":"<p>Explica conceitos de \u00e9tica e moral; a reflex\u00e3o sobre o comportamento \u00e9tico na vida profissional; as diferentes formas de aprimorar os relacionamentos interpessoais; tamb\u00e9m os segredos da comunica\u00e7\u00e3o organizacional, o funcionamento da \u00e9tica nas rela\u00e7\u00f5es de trabalho e como seus c\u00f3digos s\u00e3o desenvolvidos. Sobre a carga hor\u00e1ria: O curso possui 80 horas de carga hor\u00e1ria. Por\u00e9m, se for conclu\u00eddo antes [&hellip;]<\/p>\n","protected":false},"featured_media":0,"comment_status":"open","ping_status":"closed","template":"","meta":[],"product_brand":[],"product_cat":[223],"product_tag":[],"class_list":{"0":"post-16875","1":"product","2":"type-product","3":"status-publish","5":"product_cat-gestao-e-lideranca","6":"post","8":"first","9":"instock","10":"virtual","11":"sold-individually","12":"product-type-simple"},"_links":{"self":[{"href":"https:\/\/treina.online\/index.php?rest_route=\/wp\/v2\/product\/16875","targetHints":{"allow":["GET"]}}],"collection":[{"href":"https:\/\/treina.online\/index.php?rest_route=\/wp\/v2\/product"}],"about":[{"href":"https:\/\/treina.online\/index.php?rest_route=\/wp\/v2\/types\/product"}],"replies":[{"embeddable":true,"href":"https:\/\/treina.online\/index.php?rest_route=%2Fwp%2Fv2%2Fcomments&post=16875"}],"version-history":[{"count":0,"href":"https:\/\/treina.online\/index.php?rest_route=\/wp\/v2\/product\/16875\/revisions"}],"wp:attachment":[{"href":"https:\/\/treina.online\/index.php?rest_route=%2Fwp%2Fv2%2Fmedia&parent=16875"}],"wp:term":[{"taxonomy":"product_brand","embeddable":true,"href":"https:\/\/treina.online\/index.php?rest_route=%2Fwp%2Fv2%2Fproduct_brand&post=16875"},{"taxonomy":"product_cat","embeddable":true,"href":"https:\/\/treina.online\/index.php?rest_route=%2Fwp%2Fv2%2Fproduct_cat&post=16875"},{"taxonomy":"product_tag","embeddable":true,"href":"https:\/\/treina.online\/index.php?rest_route=%2Fwp%2Fv2%2Fproduct_tag&post=16875"}],"curies":[{"name":"wp","href":"https:\/\/api.w.org\/{rel}","templated":true}]}}