{"id":16869,"date":"2021-01-24T18:03:24","date_gmt":"2021-01-24T20:03:24","guid":{"rendered":"http:\/\/ecursos.treinaonline.com\/produto\/curso-de-estrategia-de-avaliacao-de-pessoas\/"},"modified":"2021-01-24T18:03:24","modified_gmt":"2021-01-24T20:03:24","slug":"curso-de-estrategia-de-avaliacao-de-pessoas","status":"publish","type":"product","link":"https:\/\/treina.online\/?product=curso-de-estrategia-de-avaliacao-de-pessoas","title":{"rendered":"Curso de Estrat\u00e9gia de Avalia\u00e7\u00e3o de Pessoas"},"content":{"rendered":"<p>Ensina o que \u00e9 Avalia\u00e7\u00e3o de Pessoas, como posso implementar esse processo dentro da minha empresa, quais s\u00e3o as vantagens e as desvantagens de faz\u00ea-lo, como fazer de uma forma \u00e9tica, como dar um feedback saiba isso e muito mais.<\/p>\n<p>Sobre a carga hor\u00e1ria:<br \/>\nO curso possui 80 horas de carga hor\u00e1ria. Por\u00e9m, se for conclu\u00eddo antes de 5 dias, passa a ter 10 horas de carga hor\u00e1ria. Conforme nosso contrato e termos de uso.<\/p>\n","protected":false},"excerpt":{"rendered":"<p>Ensina o que \u00e9 Avalia\u00e7\u00e3o de Pessoas, como posso implementar esse processo dentro da minha empresa, quais s\u00e3o as vantagens e as desvantagens de faz\u00ea-lo, como fazer de uma forma \u00e9tica, como dar um feedback saiba isso e muito mais. Sobre a carga hor\u00e1ria: O curso possui 80 horas de carga hor\u00e1ria. Por\u00e9m, se for conclu\u00eddo antes de 5 dias, [&hellip;]<\/p>\n","protected":false},"featured_media":0,"comment_status":"open","ping_status":"closed","template":"","meta":[],"product_brand":[],"product_cat":[236],"product_tag":[],"class_list":{"0":"post-16869","1":"product","2":"type-product","3":"status-publish","5":"product_cat-recursos-humanos","6":"post","8":"first","9":"instock","10":"virtual","11":"sold-individually","12":"product-type-simple"},"_links":{"self":[{"href":"https:\/\/treina.online\/index.php?rest_route=\/wp\/v2\/product\/16869","targetHints":{"allow":["GET"]}}],"collection":[{"href":"https:\/\/treina.online\/index.php?rest_route=\/wp\/v2\/product"}],"about":[{"href":"https:\/\/treina.online\/index.php?rest_route=\/wp\/v2\/types\/product"}],"replies":[{"embeddable":true,"href":"https:\/\/treina.online\/index.php?rest_route=%2Fwp%2Fv2%2Fcomments&post=16869"}],"version-history":[{"count":0,"href":"https:\/\/treina.online\/index.php?rest_route=\/wp\/v2\/product\/16869\/revisions"}],"wp:attachment":[{"href":"https:\/\/treina.online\/index.php?rest_route=%2Fwp%2Fv2%2Fmedia&parent=16869"}],"wp:term":[{"taxonomy":"product_brand","embeddable":true,"href":"https:\/\/treina.online\/index.php?rest_route=%2Fwp%2Fv2%2Fproduct_brand&post=16869"},{"taxonomy":"product_cat","embeddable":true,"href":"https:\/\/treina.online\/index.php?rest_route=%2Fwp%2Fv2%2Fproduct_cat&post=16869"},{"taxonomy":"product_tag","embeddable":true,"href":"https:\/\/treina.online\/index.php?rest_route=%2Fwp%2Fv2%2Fproduct_tag&post=16869"}],"curies":[{"name":"wp","href":"https:\/\/api.w.org\/{rel}","templated":true}]}}