{"id":16864,"date":"2021-01-24T18:03:21","date_gmt":"2021-01-24T20:03:21","guid":{"rendered":"http:\/\/ecursos.treinaonline.com\/produto\/curso-de-estatuto-da-crianca-e-do-adolescente-conselho-tutelar\/"},"modified":"2021-01-24T18:03:21","modified_gmt":"2021-01-24T20:03:21","slug":"curso-de-estatuto-da-crianca-e-do-adolescente-conselho-tutelar","status":"publish","type":"product","link":"https:\/\/treina.online\/?product=curso-de-estatuto-da-crianca-e-do-adolescente-conselho-tutelar","title":{"rendered":"Curso de Estatuto da Crian\u00e7a e do Adolescente: Conselho Tutelar"},"content":{"rendered":"<p>Aborda Conselho tutelar: Caracter\u00edsticas, Conselho tutelar: Atribui\u00e7\u00f5es do conselho tutelar e Conselho tutelar: Limite territorial dos conselheiros.<\/p>\n<p>Sobre a carga hor\u00e1ria:<br \/>\nO curso possui 2 horas de carga hor\u00e1ria.<\/p>\n","protected":false},"excerpt":{"rendered":"<p>Aborda Conselho tutelar: Caracter\u00edsticas, Conselho tutelar: Atribui\u00e7\u00f5es do conselho tutelar e Conselho tutelar: Limite territorial dos conselheiros. Sobre a carga hor\u00e1ria: O curso possui 2 horas de carga hor\u00e1ria.<\/p>\n","protected":false},"featured_media":0,"comment_status":"open","ping_status":"closed","template":"","meta":[],"product_brand":[],"product_cat":[211],"product_tag":[],"class_list":{"0":"post-16864","1":"product","2":"type-product","3":"status-publish","5":"product_cat-direito","6":"post","8":"first","9":"instock","10":"virtual","11":"sold-individually","12":"product-type-simple"},"_links":{"self":[{"href":"https:\/\/treina.online\/index.php?rest_route=\/wp\/v2\/product\/16864","targetHints":{"allow":["GET"]}}],"collection":[{"href":"https:\/\/treina.online\/index.php?rest_route=\/wp\/v2\/product"}],"about":[{"href":"https:\/\/treina.online\/index.php?rest_route=\/wp\/v2\/types\/product"}],"replies":[{"embeddable":true,"href":"https:\/\/treina.online\/index.php?rest_route=%2Fwp%2Fv2%2Fcomments&post=16864"}],"version-history":[{"count":0,"href":"https:\/\/treina.online\/index.php?rest_route=\/wp\/v2\/product\/16864\/revisions"}],"wp:attachment":[{"href":"https:\/\/treina.online\/index.php?rest_route=%2Fwp%2Fv2%2Fmedia&parent=16864"}],"wp:term":[{"taxonomy":"product_brand","embeddable":true,"href":"https:\/\/treina.online\/index.php?rest_route=%2Fwp%2Fv2%2Fproduct_brand&post=16864"},{"taxonomy":"product_cat","embeddable":true,"href":"https:\/\/treina.online\/index.php?rest_route=%2Fwp%2Fv2%2Fproduct_cat&post=16864"},{"taxonomy":"product_tag","embeddable":true,"href":"https:\/\/treina.online\/index.php?rest_route=%2Fwp%2Fv2%2Fproduct_tag&post=16864"}],"curies":[{"name":"wp","href":"https:\/\/api.w.org\/{rel}","templated":true}]}}