{"id":16863,"date":"2021-01-24T18:03:20","date_gmt":"2021-01-24T20:03:20","guid":{"rendered":"http:\/\/ecursos.treinaonline.com\/produto\/curso-de-estatuto-da-crianca-e-do-adolescente-na-pratica\/"},"modified":"2021-01-24T18:03:20","modified_gmt":"2021-01-24T20:03:20","slug":"curso-de-estatuto-da-crianca-e-do-adolescente-na-pratica","status":"publish","type":"product","link":"https:\/\/treina.online\/?product=curso-de-estatuto-da-crianca-e-do-adolescente-na-pratica","title":{"rendered":"Curso de Estatuto da Crian\u00e7a e do Adolescente na Pr\u00e1tica"},"content":{"rendered":"<p>Apresenta todo o estatuto e v\u00e1rios pontos relevantes dele, como: a evolu\u00e7\u00e3o hist\u00f3rica e v\u00e1rias doutrinas atreladas ao estatuto, a prote\u00e7\u00e3o integral, princ\u00edpios, o conselho tutelar. Tamb\u00e9m a justi\u00e7a da vara, da inf\u00e2ncia e da juventude, o contrato de aprendizagem e muito mais.<\/p>\n<p>Sobre a carga hor\u00e1ria:<br \/>\nO curso possui 80 horas de carga hor\u00e1ria. Por\u00e9m, se for conclu\u00eddo antes de 5 dias, passa a ter 10 horas de carga hor\u00e1ria. Conforme nosso contrato e termos de uso.<\/p>\n","protected":false},"excerpt":{"rendered":"<p>Apresenta todo o estatuto e v\u00e1rios pontos relevantes dele, como: a evolu\u00e7\u00e3o hist\u00f3rica e v\u00e1rias doutrinas atreladas ao estatuto, a prote\u00e7\u00e3o integral, princ\u00edpios, o conselho tutelar. Tamb\u00e9m a justi\u00e7a da vara, da inf\u00e2ncia e da juventude, o contrato de aprendizagem e muito mais. Sobre a carga hor\u00e1ria: O curso possui 80 horas de carga hor\u00e1ria. Por\u00e9m, se for conclu\u00eddo antes [&hellip;]<\/p>\n","protected":false},"featured_media":0,"comment_status":"open","ping_status":"closed","template":"","meta":[],"product_brand":[],"product_cat":[211],"product_tag":[],"class_list":{"0":"post-16863","1":"product","2":"type-product","3":"status-publish","5":"product_cat-direito","6":"post","8":"first","9":"instock","10":"virtual","11":"sold-individually","12":"product-type-simple"},"_links":{"self":[{"href":"https:\/\/treina.online\/index.php?rest_route=\/wp\/v2\/product\/16863","targetHints":{"allow":["GET"]}}],"collection":[{"href":"https:\/\/treina.online\/index.php?rest_route=\/wp\/v2\/product"}],"about":[{"href":"https:\/\/treina.online\/index.php?rest_route=\/wp\/v2\/types\/product"}],"replies":[{"embeddable":true,"href":"https:\/\/treina.online\/index.php?rest_route=%2Fwp%2Fv2%2Fcomments&post=16863"}],"version-history":[{"count":0,"href":"https:\/\/treina.online\/index.php?rest_route=\/wp\/v2\/product\/16863\/revisions"}],"wp:attachment":[{"href":"https:\/\/treina.online\/index.php?rest_route=%2Fwp%2Fv2%2Fmedia&parent=16863"}],"wp:term":[{"taxonomy":"product_brand","embeddable":true,"href":"https:\/\/treina.online\/index.php?rest_route=%2Fwp%2Fv2%2Fproduct_brand&post=16863"},{"taxonomy":"product_cat","embeddable":true,"href":"https:\/\/treina.online\/index.php?rest_route=%2Fwp%2Fv2%2Fproduct_cat&post=16863"},{"taxonomy":"product_tag","embeddable":true,"href":"https:\/\/treina.online\/index.php?rest_route=%2Fwp%2Fv2%2Fproduct_tag&post=16863"}],"curies":[{"name":"wp","href":"https:\/\/api.w.org\/{rel}","templated":true}]}}