{"id":16862,"date":"2021-01-24T18:03:20","date_gmt":"2021-01-24T20:03:20","guid":{"rendered":"http:\/\/ecursos.treinaonline.com\/produto\/curso-de-estatuto-da-crianca-e-do-adolescente\/"},"modified":"2021-01-24T18:03:20","modified_gmt":"2021-01-24T20:03:20","slug":"curso-de-estatuto-da-crianca-e-do-adolescente","status":"publish","type":"product","link":"https:\/\/treina.online\/?product=curso-de-estatuto-da-crianca-e-do-adolescente","title":{"rendered":"Curso de Estatuto da Crian\u00e7a e do Adolescente"},"content":{"rendered":"<p>Voc\u00ea aprende sobre os fundamentos para o Estatuto da Crian\u00e7a e do Adolescente, direito \u00e0 educa\u00e7\u00e3o, \u00e0 cultura, ao esporte e ao lazer, direitos individuais, medidas socioeducativas, Conselho Tutelar e o Minist\u00e9rio P\u00fablico.<\/p>\n<p>Sobre a carga hor\u00e1ria:<br \/>\nO curso possui 80 horas de carga hor\u00e1ria. Por\u00e9m, se for conclu\u00eddo antes de 5 dias, passa a ter 10 horas de carga hor\u00e1ria. Conforme nosso contrato e termos de uso.<\/p>\n","protected":false},"excerpt":{"rendered":"<p>Voc\u00ea aprende sobre os fundamentos para o Estatuto da Crian\u00e7a e do Adolescente, direito \u00e0 educa\u00e7\u00e3o, \u00e0 cultura, ao esporte e ao lazer, direitos individuais, medidas socioeducativas, Conselho Tutelar e o Minist\u00e9rio P\u00fablico. Sobre a carga hor\u00e1ria: O curso possui 80 horas de carga hor\u00e1ria. Por\u00e9m, se for conclu\u00eddo antes de 5 dias, passa a ter 10 horas de carga [&hellip;]<\/p>\n","protected":false},"featured_media":0,"comment_status":"open","ping_status":"closed","template":"","meta":[],"product_brand":[],"product_cat":[211],"product_tag":[],"class_list":{"0":"post-16862","1":"product","2":"type-product","3":"status-publish","5":"product_cat-direito","6":"post","8":"first","9":"instock","10":"virtual","11":"sold-individually","12":"product-type-simple"},"_links":{"self":[{"href":"https:\/\/treina.online\/index.php?rest_route=\/wp\/v2\/product\/16862","targetHints":{"allow":["GET"]}}],"collection":[{"href":"https:\/\/treina.online\/index.php?rest_route=\/wp\/v2\/product"}],"about":[{"href":"https:\/\/treina.online\/index.php?rest_route=\/wp\/v2\/types\/product"}],"replies":[{"embeddable":true,"href":"https:\/\/treina.online\/index.php?rest_route=%2Fwp%2Fv2%2Fcomments&post=16862"}],"version-history":[{"count":0,"href":"https:\/\/treina.online\/index.php?rest_route=\/wp\/v2\/product\/16862\/revisions"}],"wp:attachment":[{"href":"https:\/\/treina.online\/index.php?rest_route=%2Fwp%2Fv2%2Fmedia&parent=16862"}],"wp:term":[{"taxonomy":"product_brand","embeddable":true,"href":"https:\/\/treina.online\/index.php?rest_route=%2Fwp%2Fv2%2Fproduct_brand&post=16862"},{"taxonomy":"product_cat","embeddable":true,"href":"https:\/\/treina.online\/index.php?rest_route=%2Fwp%2Fv2%2Fproduct_cat&post=16862"},{"taxonomy":"product_tag","embeddable":true,"href":"https:\/\/treina.online\/index.php?rest_route=%2Fwp%2Fv2%2Fproduct_tag&post=16862"}],"curies":[{"name":"wp","href":"https:\/\/api.w.org\/{rel}","templated":true}]}}