{"id":16861,"date":"2021-01-24T18:03:19","date_gmt":"2021-01-24T20:03:19","guid":{"rendered":"http:\/\/ecursos.treinaonline.com\/produto\/curso-de-espanhol-intermediario\/"},"modified":"2021-01-24T18:03:19","modified_gmt":"2021-01-24T20:03:19","slug":"curso-de-espanhol-intermediario","status":"publish","type":"product","link":"https:\/\/treina.online\/?product=curso-de-espanhol-intermediario","title":{"rendered":"Curso de Espanhol Intermedi\u00e1rio"},"content":{"rendered":"<p>S\u00e3o ensinadas express\u00f5es usadas em situa\u00e7\u00f5es cotidianas, como em um restaurante ou pedindo informa\u00e7\u00f5es. Tamb\u00e9m s\u00e3o apresentadas formas gramaticais regulares e irregulares, al\u00e9m das aplica\u00e7\u00f5es de palavras em diferentes modos.<\/p>\n<p>Sobre a carga hor\u00e1ria:<br \/>\nO curso possui 80 horas de carga hor\u00e1ria. Por\u00e9m, se for conclu\u00eddo antes de 5 dias, passa a ter 10 horas de carga hor\u00e1ria. Conforme nosso contrato e termos de uso.<\/p>\n","protected":false},"excerpt":{"rendered":"<p>S\u00e3o ensinadas express\u00f5es usadas em situa\u00e7\u00f5es cotidianas, como em um restaurante ou pedindo informa\u00e7\u00f5es. Tamb\u00e9m s\u00e3o apresentadas formas gramaticais regulares e irregulares, al\u00e9m das aplica\u00e7\u00f5es de palavras em diferentes modos. Sobre a carga hor\u00e1ria: O curso possui 80 horas de carga hor\u00e1ria. Por\u00e9m, se for conclu\u00eddo antes de 5 dias, passa a ter 10 horas de carga hor\u00e1ria. Conforme nosso [&hellip;]<\/p>\n","protected":false},"featured_media":0,"comment_status":"open","ping_status":"closed","template":"","meta":[],"product_brand":[],"product_cat":[224],"product_tag":[],"class_list":{"0":"post-16861","1":"product","2":"type-product","3":"status-publish","5":"product_cat-idiomas","6":"post","8":"first","9":"instock","10":"virtual","11":"sold-individually","12":"product-type-simple"},"_links":{"self":[{"href":"https:\/\/treina.online\/index.php?rest_route=\/wp\/v2\/product\/16861","targetHints":{"allow":["GET"]}}],"collection":[{"href":"https:\/\/treina.online\/index.php?rest_route=\/wp\/v2\/product"}],"about":[{"href":"https:\/\/treina.online\/index.php?rest_route=\/wp\/v2\/types\/product"}],"replies":[{"embeddable":true,"href":"https:\/\/treina.online\/index.php?rest_route=%2Fwp%2Fv2%2Fcomments&post=16861"}],"version-history":[{"count":0,"href":"https:\/\/treina.online\/index.php?rest_route=\/wp\/v2\/product\/16861\/revisions"}],"wp:attachment":[{"href":"https:\/\/treina.online\/index.php?rest_route=%2Fwp%2Fv2%2Fmedia&parent=16861"}],"wp:term":[{"taxonomy":"product_brand","embeddable":true,"href":"https:\/\/treina.online\/index.php?rest_route=%2Fwp%2Fv2%2Fproduct_brand&post=16861"},{"taxonomy":"product_cat","embeddable":true,"href":"https:\/\/treina.online\/index.php?rest_route=%2Fwp%2Fv2%2Fproduct_cat&post=16861"},{"taxonomy":"product_tag","embeddable":true,"href":"https:\/\/treina.online\/index.php?rest_route=%2Fwp%2Fv2%2Fproduct_tag&post=16861"}],"curies":[{"name":"wp","href":"https:\/\/api.w.org\/{rel}","templated":true}]}}