{"id":16860,"date":"2021-01-24T18:03:18","date_gmt":"2021-01-24T20:03:18","guid":{"rendered":"http:\/\/ecursos.treinaonline.com\/produto\/curso-de-espanhol\/"},"modified":"2021-01-24T18:03:18","modified_gmt":"2021-01-24T20:03:18","slug":"curso-de-espanhol","status":"publish","type":"product","link":"https:\/\/treina.online\/?product=curso-de-espanhol","title":{"rendered":"Curso de Espanhol"},"content":{"rendered":"<p>Aborda o Espanhol B\u00e1sico. Voc\u00ea aprender\u00e1 temas como: alfabeto, sauda\u00e7\u00f5es, vocabul\u00e1rio diversificado, relacionado \u00e0 fam\u00edlia, roupas, cores, numerais e moradia. Aprender\u00e1 a se apresentar em espanhol, falar de seus gostos e h\u00e1bitos cotidianos.<\/p>\n<p>Sobre a carga hor\u00e1ria:<br \/>\nO curso possui 80 horas de carga hor\u00e1ria. Por\u00e9m, se for conclu\u00eddo antes de 5 dias, passa a ter 10 horas de carga hor\u00e1ria. Conforme nosso contrato e termos de uso.<\/p>\n","protected":false},"excerpt":{"rendered":"<p>Aborda o Espanhol B\u00e1sico. Voc\u00ea aprender\u00e1 temas como: alfabeto, sauda\u00e7\u00f5es, vocabul\u00e1rio diversificado, relacionado \u00e0 fam\u00edlia, roupas, cores, numerais e moradia. Aprender\u00e1 a se apresentar em espanhol, falar de seus gostos e h\u00e1bitos cotidianos. Sobre a carga hor\u00e1ria: O curso possui 80 horas de carga hor\u00e1ria. Por\u00e9m, se for conclu\u00eddo antes de 5 dias, passa a ter 10 horas de carga [&hellip;]<\/p>\n","protected":false},"featured_media":0,"comment_status":"open","ping_status":"closed","template":"","meta":[],"product_brand":[],"product_cat":[224],"product_tag":[],"class_list":{"0":"post-16860","1":"product","2":"type-product","3":"status-publish","5":"product_cat-idiomas","6":"post","8":"first","9":"instock","10":"virtual","11":"sold-individually","12":"product-type-simple"},"_links":{"self":[{"href":"https:\/\/treina.online\/index.php?rest_route=\/wp\/v2\/product\/16860","targetHints":{"allow":["GET"]}}],"collection":[{"href":"https:\/\/treina.online\/index.php?rest_route=\/wp\/v2\/product"}],"about":[{"href":"https:\/\/treina.online\/index.php?rest_route=\/wp\/v2\/types\/product"}],"replies":[{"embeddable":true,"href":"https:\/\/treina.online\/index.php?rest_route=%2Fwp%2Fv2%2Fcomments&post=16860"}],"version-history":[{"count":0,"href":"https:\/\/treina.online\/index.php?rest_route=\/wp\/v2\/product\/16860\/revisions"}],"wp:attachment":[{"href":"https:\/\/treina.online\/index.php?rest_route=%2Fwp%2Fv2%2Fmedia&parent=16860"}],"wp:term":[{"taxonomy":"product_brand","embeddable":true,"href":"https:\/\/treina.online\/index.php?rest_route=%2Fwp%2Fv2%2Fproduct_brand&post=16860"},{"taxonomy":"product_cat","embeddable":true,"href":"https:\/\/treina.online\/index.php?rest_route=%2Fwp%2Fv2%2Fproduct_cat&post=16860"},{"taxonomy":"product_tag","embeddable":true,"href":"https:\/\/treina.online\/index.php?rest_route=%2Fwp%2Fv2%2Fproduct_tag&post=16860"}],"curies":[{"name":"wp","href":"https:\/\/api.w.org\/{rel}","templated":true}]}}