{"id":16852,"date":"2021-01-24T18:03:04","date_gmt":"2021-01-24T20:03:04","guid":{"rendered":"http:\/\/ecursos.treinaonline.com\/produto\/curso-de-enfermagem-em-diabetes-e-hipertensao\/"},"modified":"2021-01-24T18:03:04","modified_gmt":"2021-01-24T20:03:04","slug":"curso-de-enfermagem-em-diabetes-e-hipertensao","status":"publish","type":"product","link":"https:\/\/treina.online\/?product=curso-de-enfermagem-em-diabetes-e-hipertensao","title":{"rendered":"Curso de Enfermagem em diabetes e hipertens\u00e3o"},"content":{"rendered":"<p>Voc\u00ea aprende informa\u00e7\u00f5es claras para procedimentos e condutas no tratamento e preven\u00e7\u00e3o da diabetes e hipertens\u00e3o, al\u00e9m de trazer detalhes sobre recomenda\u00e7\u00f5es, rotinas e complica\u00e7\u00f5es dessas doen\u00e7as.<\/p>\n<p>Sobre a carga hor\u00e1ria:<br \/>\nO curso possui 80 horas de carga hor\u00e1ria. Por\u00e9m, se for conclu\u00eddo antes de 5 dias, passa a ter 10 horas de carga hor\u00e1ria. Conforme nosso contrato e termos de uso.<\/p>\n","protected":false},"excerpt":{"rendered":"<p>Voc\u00ea aprende informa\u00e7\u00f5es claras para procedimentos e condutas no tratamento e preven\u00e7\u00e3o da diabetes e hipertens\u00e3o, al\u00e9m de trazer detalhes sobre recomenda\u00e7\u00f5es, rotinas e complica\u00e7\u00f5es dessas doen\u00e7as. Sobre a carga hor\u00e1ria: O curso possui 80 horas de carga hor\u00e1ria. Por\u00e9m, se for conclu\u00eddo antes de 5 dias, passa a ter 10 horas de carga hor\u00e1ria. Conforme nosso contrato e termos [&hellip;]<\/p>\n","protected":false},"featured_media":0,"comment_status":"open","ping_status":"closed","template":"","meta":[],"product_brand":[],"product_cat":[215],"product_tag":[],"class_list":{"0":"post-16852","1":"product","2":"type-product","3":"status-publish","5":"product_cat-enfermagem","6":"post","8":"first","9":"instock","10":"virtual","11":"sold-individually","12":"product-type-simple"},"_links":{"self":[{"href":"https:\/\/treina.online\/index.php?rest_route=\/wp\/v2\/product\/16852","targetHints":{"allow":["GET"]}}],"collection":[{"href":"https:\/\/treina.online\/index.php?rest_route=\/wp\/v2\/product"}],"about":[{"href":"https:\/\/treina.online\/index.php?rest_route=\/wp\/v2\/types\/product"}],"replies":[{"embeddable":true,"href":"https:\/\/treina.online\/index.php?rest_route=%2Fwp%2Fv2%2Fcomments&post=16852"}],"version-history":[{"count":0,"href":"https:\/\/treina.online\/index.php?rest_route=\/wp\/v2\/product\/16852\/revisions"}],"wp:attachment":[{"href":"https:\/\/treina.online\/index.php?rest_route=%2Fwp%2Fv2%2Fmedia&parent=16852"}],"wp:term":[{"taxonomy":"product_brand","embeddable":true,"href":"https:\/\/treina.online\/index.php?rest_route=%2Fwp%2Fv2%2Fproduct_brand&post=16852"},{"taxonomy":"product_cat","embeddable":true,"href":"https:\/\/treina.online\/index.php?rest_route=%2Fwp%2Fv2%2Fproduct_cat&post=16852"},{"taxonomy":"product_tag","embeddable":true,"href":"https:\/\/treina.online\/index.php?rest_route=%2Fwp%2Fv2%2Fproduct_tag&post=16852"}],"curies":[{"name":"wp","href":"https:\/\/api.w.org\/{rel}","templated":true}]}}