{"id":16842,"date":"2021-01-24T18:02:54","date_gmt":"2021-01-24T20:02:54","guid":{"rendered":"http:\/\/ecursos.treinaonline.com\/produto\/curso-de-elaboracao-de-roteiros-turisticos\/"},"modified":"2021-01-24T18:02:54","modified_gmt":"2021-01-24T20:02:54","slug":"curso-de-elaboracao-de-roteiros-turisticos","status":"publish","type":"product","link":"https:\/\/treina.online\/?product=curso-de-elaboracao-de-roteiros-turisticos","title":{"rendered":"Curso de Elabora\u00e7\u00e3o de Roteiros Tur\u00edsticos"},"content":{"rendered":"<p>Explica sobre o roteiro tur\u00edstico, a comercializa\u00e7\u00e3o tur\u00edstica e qualifica\u00e7\u00e3o dos servi\u00e7os. Al\u00e9m disso, abordaremos os segmentos do turismo, como de aventura, cultura, n\u00e1utico e de praia.<\/p>\n<p>Sobre a carga hor\u00e1ria:<br \/>\nO curso possui 80 horas de carga hor\u00e1ria. Por\u00e9m, se for conclu\u00eddo antes de 5 dias, passa a ter 10 horas de carga hor\u00e1ria. Conforme nosso contrato e termos de uso.<\/p>\n","protected":false},"excerpt":{"rendered":"<p>Explica sobre o roteiro tur\u00edstico, a comercializa\u00e7\u00e3o tur\u00edstica e qualifica\u00e7\u00e3o dos servi\u00e7os. Al\u00e9m disso, abordaremos os segmentos do turismo, como de aventura, cultura, n\u00e1utico e de praia. Sobre a carga hor\u00e1ria: O curso possui 80 horas de carga hor\u00e1ria. Por\u00e9m, se for conclu\u00eddo antes de 5 dias, passa a ter 10 horas de carga hor\u00e1ria. Conforme nosso contrato e termos [&hellip;]<\/p>\n","protected":false},"featured_media":0,"comment_status":"open","ping_status":"closed","template":"","meta":[],"product_brand":[],"product_cat":[218],"product_tag":[],"class_list":{"0":"post-16842","1":"product","2":"type-product","3":"status-publish","5":"product_cat-evento-turismo-e-hotelaria","6":"post","8":"first","9":"instock","10":"virtual","11":"sold-individually","12":"product-type-simple"},"_links":{"self":[{"href":"https:\/\/treina.online\/index.php?rest_route=\/wp\/v2\/product\/16842","targetHints":{"allow":["GET"]}}],"collection":[{"href":"https:\/\/treina.online\/index.php?rest_route=\/wp\/v2\/product"}],"about":[{"href":"https:\/\/treina.online\/index.php?rest_route=\/wp\/v2\/types\/product"}],"replies":[{"embeddable":true,"href":"https:\/\/treina.online\/index.php?rest_route=%2Fwp%2Fv2%2Fcomments&post=16842"}],"version-history":[{"count":0,"href":"https:\/\/treina.online\/index.php?rest_route=\/wp\/v2\/product\/16842\/revisions"}],"wp:attachment":[{"href":"https:\/\/treina.online\/index.php?rest_route=%2Fwp%2Fv2%2Fmedia&parent=16842"}],"wp:term":[{"taxonomy":"product_brand","embeddable":true,"href":"https:\/\/treina.online\/index.php?rest_route=%2Fwp%2Fv2%2Fproduct_brand&post=16842"},{"taxonomy":"product_cat","embeddable":true,"href":"https:\/\/treina.online\/index.php?rest_route=%2Fwp%2Fv2%2Fproduct_cat&post=16842"},{"taxonomy":"product_tag","embeddable":true,"href":"https:\/\/treina.online\/index.php?rest_route=%2Fwp%2Fv2%2Fproduct_tag&post=16842"}],"curies":[{"name":"wp","href":"https:\/\/api.w.org\/{rel}","templated":true}]}}