{"id":16837,"date":"2021-01-24T18:02:44","date_gmt":"2021-01-24T20:02:44","guid":{"rendered":"http:\/\/ecursos.treinaonline.com\/produto\/curso-de-educacao-especial-inclusiva\/"},"modified":"2021-01-24T18:02:44","modified_gmt":"2021-01-24T20:02:44","slug":"curso-de-educacao-especial-inclusiva","status":"publish","type":"product","link":"https:\/\/treina.online\/?product=curso-de-educacao-especial-inclusiva","title":{"rendered":"Curso de Educa\u00e7\u00e3o Especial Inclusiva"},"content":{"rendered":"<p>Voc\u00ea aprender\u00e1 t\u00e9cnicas para lidar com alunos portadores de diferentes defici\u00eancias, entender\u00e1 sobre a import\u00e2ncia do Projeto Pol\u00edtico Pedag\u00f3gico e do Projeto Pedag\u00f3gico Inclusivo, e muito mais.<\/p>\n<p>Sobre a carga hor\u00e1ria:<br \/>\nO curso possui 80 horas de carga hor\u00e1ria. Por\u00e9m, se for conclu\u00eddo antes de 5 dias, passa a ter 10 horas de carga hor\u00e1ria. Conforme nosso contrato e termos de uso.<\/p>\n","protected":false},"excerpt":{"rendered":"<p>Voc\u00ea aprender\u00e1 t\u00e9cnicas para lidar com alunos portadores de diferentes defici\u00eancias, entender\u00e1 sobre a import\u00e2ncia do Projeto Pol\u00edtico Pedag\u00f3gico e do Projeto Pedag\u00f3gico Inclusivo, e muito mais. Sobre a carga hor\u00e1ria: O curso possui 80 horas de carga hor\u00e1ria. Por\u00e9m, se for conclu\u00eddo antes de 5 dias, passa a ter 10 horas de carga hor\u00e1ria. Conforme nosso contrato e termos [&hellip;]<\/p>\n","protected":false},"featured_media":0,"comment_status":"open","ping_status":"closed","template":"","meta":[],"product_brand":[],"product_cat":[213],"product_tag":[],"class_list":{"0":"post-16837","1":"product","2":"type-product","3":"status-publish","5":"product_cat-educacao-e-pedagogia","6":"post","8":"first","9":"instock","10":"virtual","11":"sold-individually","12":"product-type-simple"},"_links":{"self":[{"href":"https:\/\/treina.online\/index.php?rest_route=\/wp\/v2\/product\/16837","targetHints":{"allow":["GET"]}}],"collection":[{"href":"https:\/\/treina.online\/index.php?rest_route=\/wp\/v2\/product"}],"about":[{"href":"https:\/\/treina.online\/index.php?rest_route=\/wp\/v2\/types\/product"}],"replies":[{"embeddable":true,"href":"https:\/\/treina.online\/index.php?rest_route=%2Fwp%2Fv2%2Fcomments&post=16837"}],"version-history":[{"count":0,"href":"https:\/\/treina.online\/index.php?rest_route=\/wp\/v2\/product\/16837\/revisions"}],"wp:attachment":[{"href":"https:\/\/treina.online\/index.php?rest_route=%2Fwp%2Fv2%2Fmedia&parent=16837"}],"wp:term":[{"taxonomy":"product_brand","embeddable":true,"href":"https:\/\/treina.online\/index.php?rest_route=%2Fwp%2Fv2%2Fproduct_brand&post=16837"},{"taxonomy":"product_cat","embeddable":true,"href":"https:\/\/treina.online\/index.php?rest_route=%2Fwp%2Fv2%2Fproduct_cat&post=16837"},{"taxonomy":"product_tag","embeddable":true,"href":"https:\/\/treina.online\/index.php?rest_route=%2Fwp%2Fv2%2Fproduct_tag&post=16837"}],"curies":[{"name":"wp","href":"https:\/\/api.w.org\/{rel}","templated":true}]}}