{"id":16835,"date":"2021-01-24T18:02:42","date_gmt":"2021-01-24T20:02:42","guid":{"rendered":"http:\/\/ecursos.treinaonline.com\/produto\/curso-de-educacao-alimentar\/"},"modified":"2021-01-24T18:02:42","modified_gmt":"2021-01-24T20:02:42","slug":"curso-de-educacao-alimentar","status":"publish","type":"product","link":"https:\/\/treina.online\/?product=curso-de-educacao-alimentar","title":{"rendered":"Curso de Educa\u00e7\u00e3o Alimentar"},"content":{"rendered":"<p>Apresenta a prevenir doen\u00e7as como a hipertens\u00e3o,colesterol elevado, diabetes, entender o que \u00e9 alergia alimentar, intoler\u00e2ncia a lactose e o que \u00e9 poss\u00edvel incluir no dia a dia, como preparar alimentos funcionais e inclu\u00ed-los em sua alimenta\u00e7\u00e3o, e muito mais.<\/p>\n<p>Sobre a carga hor\u00e1ria:<br \/>\nO curso possui 80 horas de carga hor\u00e1ria. Por\u00e9m, se for conclu\u00eddo antes de 5 dias, passa a ter 10 horas de carga hor\u00e1ria. Conforme nosso contrato e termos de uso.<\/p>\n","protected":false},"excerpt":{"rendered":"<p>Apresenta a prevenir doen\u00e7as como a hipertens\u00e3o,colesterol elevado, diabetes, entender o que \u00e9 alergia alimentar, intoler\u00e2ncia a lactose e o que \u00e9 poss\u00edvel incluir no dia a dia, como preparar alimentos funcionais e inclu\u00ed-los em sua alimenta\u00e7\u00e3o, e muito mais. Sobre a carga hor\u00e1ria: O curso possui 80 horas de carga hor\u00e1ria. Por\u00e9m, se for conclu\u00eddo antes de 5 dias, [&hellip;]<\/p>\n","protected":false},"featured_media":0,"comment_status":"open","ping_status":"closed","template":"","meta":[],"product_brand":[],"product_cat":[231],"product_tag":[],"class_list":{"0":"post-16835","1":"product","2":"type-product","3":"status-publish","5":"product_cat-nutricao","6":"post","8":"first","9":"instock","10":"virtual","11":"sold-individually","12":"product-type-simple"},"_links":{"self":[{"href":"https:\/\/treina.online\/index.php?rest_route=\/wp\/v2\/product\/16835","targetHints":{"allow":["GET"]}}],"collection":[{"href":"https:\/\/treina.online\/index.php?rest_route=\/wp\/v2\/product"}],"about":[{"href":"https:\/\/treina.online\/index.php?rest_route=\/wp\/v2\/types\/product"}],"replies":[{"embeddable":true,"href":"https:\/\/treina.online\/index.php?rest_route=%2Fwp%2Fv2%2Fcomments&post=16835"}],"version-history":[{"count":0,"href":"https:\/\/treina.online\/index.php?rest_route=\/wp\/v2\/product\/16835\/revisions"}],"wp:attachment":[{"href":"https:\/\/treina.online\/index.php?rest_route=%2Fwp%2Fv2%2Fmedia&parent=16835"}],"wp:term":[{"taxonomy":"product_brand","embeddable":true,"href":"https:\/\/treina.online\/index.php?rest_route=%2Fwp%2Fv2%2Fproduct_brand&post=16835"},{"taxonomy":"product_cat","embeddable":true,"href":"https:\/\/treina.online\/index.php?rest_route=%2Fwp%2Fv2%2Fproduct_cat&post=16835"},{"taxonomy":"product_tag","embeddable":true,"href":"https:\/\/treina.online\/index.php?rest_route=%2Fwp%2Fv2%2Fproduct_tag&post=16835"}],"curies":[{"name":"wp","href":"https:\/\/api.w.org\/{rel}","templated":true}]}}