{"id":16834,"date":"2021-01-24T18:02:41","date_gmt":"2021-01-24T20:02:41","guid":{"rendered":"http:\/\/ecursos.treinaonline.com\/produto\/curso-de-edicao-profissional-de-videos-com-premiere-pro-cs6\/"},"modified":"2021-01-24T18:02:41","modified_gmt":"2021-01-24T20:02:41","slug":"curso-de-edicao-profissional-de-videos-com-premiere-pro-cs6","status":"publish","type":"product","link":"https:\/\/treina.online\/?product=curso-de-edicao-profissional-de-videos-com-premiere-pro-cs6","title":{"rendered":"Curso de Edi\u00e7\u00e3o Profissional de V\u00eddeos com Premiere PRO CS6"},"content":{"rendered":"<p>Voc\u00ea aprender\u00e1 a trabalhar com v\u00eddeos, filmagens e fotografia, al\u00e9m de desenvolver v\u00eddeo clipes utilizando os recursos oferecidos pelo premiere. Para isso, \u00e9 preciso conhecer o layout desse programa de edi\u00e7\u00e3o, assim como suas ferramentas e fun\u00e7\u00f5es. Voc\u00ea ainda aprender\u00e1 a fazer cortes de v\u00eddeo usando as ferramentas Ripple Delete e Ripple Edit tool que eliminam os espa\u00e7os cortados do v\u00eddeo trazendo-o para o in\u00edcio da timeline. Ou cortar um trecho do v\u00eddeo colocando outra imagem no lugar usando a ferramenta Rolling Edit Tool. E para que os seus v\u00eddeos fiquem mais elaborados, o premiere possui v\u00e1rios efeitos que podem ser trabalhados durante a edi\u00e7\u00e3o como: efeito fotografia, spherize, mirror entre outros. Por fim, voc\u00ea ir\u00e1 criar e editar os seus pr\u00f3prios video clipes com os recursos impressionantes desse software.<\/p>\n<p>Sobre a carga hor\u00e1ria:<br \/>\nO curso possui 80 horas de carga hor\u00e1ria. Por\u00e9m, se for conclu\u00eddo antes de 5 dias, passa a ter 10 horas de carga hor\u00e1ria. Conforme nosso contrato e termos de uso.<\/p>\n","protected":false},"excerpt":{"rendered":"<p>Voc\u00ea aprender\u00e1 a trabalhar com v\u00eddeos, filmagens e fotografia, al\u00e9m de desenvolver v\u00eddeo clipes utilizando os recursos oferecidos pelo premiere. Para isso, \u00e9 preciso conhecer o layout desse programa de edi\u00e7\u00e3o, assim como suas ferramentas e fun\u00e7\u00f5es. Voc\u00ea ainda aprender\u00e1 a fazer cortes de v\u00eddeo usando as ferramentas Ripple Delete e Ripple Edit tool que eliminam os espa\u00e7os cortados do [&hellip;]<\/p>\n","protected":false},"featured_media":0,"comment_status":"open","ping_status":"closed","template":"","meta":[],"product_brand":[],"product_cat":[222],"product_tag":[],"class_list":{"0":"post-16834","1":"product","2":"type-product","3":"status-publish","5":"product_cat-fotografia-e-video","6":"post","8":"first","9":"instock","10":"virtual","11":"sold-individually","12":"product-type-simple"},"_links":{"self":[{"href":"https:\/\/treina.online\/index.php?rest_route=\/wp\/v2\/product\/16834","targetHints":{"allow":["GET"]}}],"collection":[{"href":"https:\/\/treina.online\/index.php?rest_route=\/wp\/v2\/product"}],"about":[{"href":"https:\/\/treina.online\/index.php?rest_route=\/wp\/v2\/types\/product"}],"replies":[{"embeddable":true,"href":"https:\/\/treina.online\/index.php?rest_route=%2Fwp%2Fv2%2Fcomments&post=16834"}],"version-history":[{"count":0,"href":"https:\/\/treina.online\/index.php?rest_route=\/wp\/v2\/product\/16834\/revisions"}],"wp:attachment":[{"href":"https:\/\/treina.online\/index.php?rest_route=%2Fwp%2Fv2%2Fmedia&parent=16834"}],"wp:term":[{"taxonomy":"product_brand","embeddable":true,"href":"https:\/\/treina.online\/index.php?rest_route=%2Fwp%2Fv2%2Fproduct_brand&post=16834"},{"taxonomy":"product_cat","embeddable":true,"href":"https:\/\/treina.online\/index.php?rest_route=%2Fwp%2Fv2%2Fproduct_cat&post=16834"},{"taxonomy":"product_tag","embeddable":true,"href":"https:\/\/treina.online\/index.php?rest_route=%2Fwp%2Fv2%2Fproduct_tag&post=16834"}],"curies":[{"name":"wp","href":"https:\/\/api.w.org\/{rel}","templated":true}]}}