{"id":16833,"date":"2021-01-24T18:02:41","date_gmt":"2021-01-24T20:02:41","guid":{"rendered":"http:\/\/ecursos.treinaonline.com\/produto\/curso-de-edicao-de-imagens-para-fotografos\/"},"modified":"2021-01-24T18:02:41","modified_gmt":"2021-01-24T20:02:41","slug":"curso-de-edicao-de-imagens-para-fotografos","status":"publish","type":"product","link":"https:\/\/treina.online\/?product=curso-de-edicao-de-imagens-para-fotografos","title":{"rendered":"Curso de Edi\u00e7\u00e3o de Imagens para Fot\u00f3grafos"},"content":{"rendered":"<p>Ensina sobre as op\u00e7\u00f5es que s\u00e3o novidades no Photoshop CS5.1. Voc\u00ea conhecer\u00e1 como capturar cores utilizando a ferramenta Eyedropper e entender\u00e1 como usar a ferramenta Targeted Adjustment e a clipping mask. Al\u00e9m disso, ir\u00e1 aprender sobre as ferramentas quick selection, refine edge, dodge, burn, spot healing brush, shadows highlights, entre outras.<\/p>\n<p>Sobre a carga hor\u00e1ria:<br \/>\nO curso possui 80 horas de carga hor\u00e1ria. Por\u00e9m, se for conclu\u00eddo antes de 5 dias, passa a ter 10 horas de carga hor\u00e1ria. Conforme nosso contrato e termos de uso.<\/p>\n","protected":false},"excerpt":{"rendered":"<p>Ensina sobre as op\u00e7\u00f5es que s\u00e3o novidades no Photoshop CS5.1. Voc\u00ea conhecer\u00e1 como capturar cores utilizando a ferramenta Eyedropper e entender\u00e1 como usar a ferramenta Targeted Adjustment e a clipping mask. Al\u00e9m disso, ir\u00e1 aprender sobre as ferramentas quick selection, refine edge, dodge, burn, spot healing brush, shadows highlights, entre outras. Sobre a carga hor\u00e1ria: O curso possui 80 horas [&hellip;]<\/p>\n","protected":false},"featured_media":0,"comment_status":"open","ping_status":"closed","template":"","meta":[],"product_brand":[],"product_cat":[201],"product_tag":[],"class_list":{"0":"post-16833","1":"product","2":"type-product","3":"status-publish","5":"product_cat-animacoes-e-design","6":"post","8":"first","9":"instock","10":"virtual","11":"sold-individually","12":"product-type-simple"},"_links":{"self":[{"href":"https:\/\/treina.online\/index.php?rest_route=\/wp\/v2\/product\/16833","targetHints":{"allow":["GET"]}}],"collection":[{"href":"https:\/\/treina.online\/index.php?rest_route=\/wp\/v2\/product"}],"about":[{"href":"https:\/\/treina.online\/index.php?rest_route=\/wp\/v2\/types\/product"}],"replies":[{"embeddable":true,"href":"https:\/\/treina.online\/index.php?rest_route=%2Fwp%2Fv2%2Fcomments&post=16833"}],"version-history":[{"count":0,"href":"https:\/\/treina.online\/index.php?rest_route=\/wp\/v2\/product\/16833\/revisions"}],"wp:attachment":[{"href":"https:\/\/treina.online\/index.php?rest_route=%2Fwp%2Fv2%2Fmedia&parent=16833"}],"wp:term":[{"taxonomy":"product_brand","embeddable":true,"href":"https:\/\/treina.online\/index.php?rest_route=%2Fwp%2Fv2%2Fproduct_brand&post=16833"},{"taxonomy":"product_cat","embeddable":true,"href":"https:\/\/treina.online\/index.php?rest_route=%2Fwp%2Fv2%2Fproduct_cat&post=16833"},{"taxonomy":"product_tag","embeddable":true,"href":"https:\/\/treina.online\/index.php?rest_route=%2Fwp%2Fv2%2Fproduct_tag&post=16833"}],"curies":[{"name":"wp","href":"https:\/\/api.w.org\/{rel}","templated":true}]}}