{"id":16831,"date":"2021-01-24T18:02:38","date_gmt":"2021-01-24T20:02:38","guid":{"rendered":"http:\/\/ecursos.treinaonline.com\/produto\/curso-de-edicao-de-imagens-com-photoshop\/"},"modified":"2021-01-24T18:02:38","modified_gmt":"2021-01-24T20:02:38","slug":"curso-de-edicao-de-imagens-com-photoshop","status":"publish","type":"product","link":"https:\/\/treina.online\/?product=curso-de-edicao-de-imagens-com-photoshop","title":{"rendered":"Curso de Edi\u00e7\u00e3o de imagens com Photoshop"},"content":{"rendered":"<p>Aborda a editar imagens e a fazer trabalhos impressionantes com os recursos oferecidos por esse software. No Photoshop CS5 voc\u00ea poder\u00e1 usar v\u00e1rias ferramentas para fazer retoques em fotos, como a Clone Stamp que retira imperfei\u00e7\u00f5es e a Content Aware que remove elementos sem prejudicar o fundo da imagem. Al\u00e9m da ferramenta Sharpen que d\u00e1 um tom mais natural na imagem ou a HDR toning que proporciona um tratamento em alta defini\u00e7\u00e3o. E mais, com o recurso filter liquify voc\u00ea conseguir\u00e1 aumentar ou diminuir volumes em uma foto.<\/p>\n<p>Sobre a carga hor\u00e1ria:<br \/>\nO curso possui 80 horas de carga hor\u00e1ria. Por\u00e9m, se for conclu\u00eddo antes de 5 dias, passa a ter 10 horas de carga hor\u00e1ria. Conforme nosso contrato e termos de uso.<\/p>\n","protected":false},"excerpt":{"rendered":"<p>Aborda a editar imagens e a fazer trabalhos impressionantes com os recursos oferecidos por esse software. No Photoshop CS5 voc\u00ea poder\u00e1 usar v\u00e1rias ferramentas para fazer retoques em fotos, como a Clone Stamp que retira imperfei\u00e7\u00f5es e a Content Aware que remove elementos sem prejudicar o fundo da imagem. Al\u00e9m da ferramenta Sharpen que d\u00e1 um tom mais natural na [&hellip;]<\/p>\n","protected":false},"featured_media":0,"comment_status":"open","ping_status":"closed","template":"","meta":[],"product_brand":[],"product_cat":[201],"product_tag":[],"class_list":{"0":"post-16831","1":"product","2":"type-product","3":"status-publish","5":"product_cat-animacoes-e-design","6":"post","8":"first","9":"instock","10":"virtual","11":"sold-individually","12":"product-type-simple"},"_links":{"self":[{"href":"https:\/\/treina.online\/index.php?rest_route=\/wp\/v2\/product\/16831","targetHints":{"allow":["GET"]}}],"collection":[{"href":"https:\/\/treina.online\/index.php?rest_route=\/wp\/v2\/product"}],"about":[{"href":"https:\/\/treina.online\/index.php?rest_route=\/wp\/v2\/types\/product"}],"replies":[{"embeddable":true,"href":"https:\/\/treina.online\/index.php?rest_route=%2Fwp%2Fv2%2Fcomments&post=16831"}],"version-history":[{"count":0,"href":"https:\/\/treina.online\/index.php?rest_route=\/wp\/v2\/product\/16831\/revisions"}],"wp:attachment":[{"href":"https:\/\/treina.online\/index.php?rest_route=%2Fwp%2Fv2%2Fmedia&parent=16831"}],"wp:term":[{"taxonomy":"product_brand","embeddable":true,"href":"https:\/\/treina.online\/index.php?rest_route=%2Fwp%2Fv2%2Fproduct_brand&post=16831"},{"taxonomy":"product_cat","embeddable":true,"href":"https:\/\/treina.online\/index.php?rest_route=%2Fwp%2Fv2%2Fproduct_cat&post=16831"},{"taxonomy":"product_tag","embeddable":true,"href":"https:\/\/treina.online\/index.php?rest_route=%2Fwp%2Fv2%2Fproduct_tag&post=16831"}],"curies":[{"name":"wp","href":"https:\/\/api.w.org\/{rel}","templated":true}]}}