{"id":16823,"date":"2021-01-24T18:02:29","date_gmt":"2021-01-24T20:02:29","guid":{"rendered":"http:\/\/ecursos.treinaonline.com\/produto\/curso-de-dreamweaver-cs6-introducao\/"},"modified":"2021-01-24T18:02:29","modified_gmt":"2021-01-24T20:02:29","slug":"curso-de-dreamweaver-cs6-introducao","status":"publish","type":"product","link":"https:\/\/treina.online\/?product=curso-de-dreamweaver-cs6-introducao","title":{"rendered":"Curso de Dreamweaver CS6: Introdu\u00e7\u00e3o"},"content":{"rendered":"<p>Ensina O que \u00e9 o DreamWeaver ?, CSS3 e a Instala\u00e7\u00e3o do DreamWeaver CS6, Como Criar e Salvar Arquivos no Dreamweaver CS6, Como utilizar algumas ferramentas do Adobe Dreamweaver CS6, Como utilizar o Painel Properties, HTML e CSS, Painel Coding e \u00c1rea de Trabalho e Como utilizar o Painel Standard e o Painel Style.<\/p>\n<p>Sobre a carga hor\u00e1ria:<br \/>\nO curso possui 10 horas de carga hor\u00e1ria.<\/p>\n","protected":false},"excerpt":{"rendered":"<p>Ensina O que \u00e9 o DreamWeaver ?, CSS3 e a Instala\u00e7\u00e3o do DreamWeaver CS6, Como Criar e Salvar Arquivos no Dreamweaver CS6, Como utilizar algumas ferramentas do Adobe Dreamweaver CS6, Como utilizar o Painel Properties, HTML e CSS, Painel Coding e \u00c1rea de Trabalho e Como utilizar o Painel Standard e o Painel Style. Sobre a carga hor\u00e1ria: O curso [&hellip;]<\/p>\n","protected":false},"featured_media":0,"comment_status":"open","ping_status":"closed","template":"","meta":[],"product_brand":[],"product_cat":[233],"product_tag":[],"class_list":{"0":"post-16823","1":"product","2":"type-product","3":"status-publish","5":"product_cat-programacao-e-desenvolvimento","6":"post","8":"first","9":"instock","10":"virtual","11":"sold-individually","12":"product-type-simple"},"_links":{"self":[{"href":"https:\/\/treina.online\/index.php?rest_route=\/wp\/v2\/product\/16823","targetHints":{"allow":["GET"]}}],"collection":[{"href":"https:\/\/treina.online\/index.php?rest_route=\/wp\/v2\/product"}],"about":[{"href":"https:\/\/treina.online\/index.php?rest_route=\/wp\/v2\/types\/product"}],"replies":[{"embeddable":true,"href":"https:\/\/treina.online\/index.php?rest_route=%2Fwp%2Fv2%2Fcomments&post=16823"}],"version-history":[{"count":0,"href":"https:\/\/treina.online\/index.php?rest_route=\/wp\/v2\/product\/16823\/revisions"}],"wp:attachment":[{"href":"https:\/\/treina.online\/index.php?rest_route=%2Fwp%2Fv2%2Fmedia&parent=16823"}],"wp:term":[{"taxonomy":"product_brand","embeddable":true,"href":"https:\/\/treina.online\/index.php?rest_route=%2Fwp%2Fv2%2Fproduct_brand&post=16823"},{"taxonomy":"product_cat","embeddable":true,"href":"https:\/\/treina.online\/index.php?rest_route=%2Fwp%2Fv2%2Fproduct_cat&post=16823"},{"taxonomy":"product_tag","embeddable":true,"href":"https:\/\/treina.online\/index.php?rest_route=%2Fwp%2Fv2%2Fproduct_tag&post=16823"}],"curies":[{"name":"wp","href":"https:\/\/api.w.org\/{rel}","templated":true}]}}