{"id":16822,"date":"2021-01-24T18:02:28","date_gmt":"2021-01-24T20:02:28","guid":{"rendered":"http:\/\/ecursos.treinaonline.com\/produto\/curso-de-dreamweaver-cs6-com-php-e-mysql\/"},"modified":"2021-01-24T18:02:28","modified_gmt":"2021-01-24T20:02:28","slug":"curso-de-dreamweaver-cs6-com-php-e-mysql","status":"publish","type":"product","link":"https:\/\/treina.online\/?product=curso-de-dreamweaver-cs6-com-php-e-mysql","title":{"rendered":"Curso de Dreamweaver CS6 com PHP e MySQL"},"content":{"rendered":"<p>Apresenta o que \u00e9 um banco de dados. Voc\u00ea aprender\u00e1 como inserir manualmente registros no banco de dados, definir um site no Dreamweaver, formatar data e criptografar senhas. E tamb\u00e9m ir\u00e1 conferir como publicar o sistema online, como criar busca de not\u00edcias e muito mais.<\/p>\n<p>Sobre a carga hor\u00e1ria:<br \/>\nO curso possui 80 horas de carga hor\u00e1ria. Por\u00e9m, se for conclu\u00eddo antes de 5 dias, passa a ter 10 horas de carga hor\u00e1ria. Conforme nosso contrato e termos de uso.<\/p>\n","protected":false},"excerpt":{"rendered":"<p>Apresenta o que \u00e9 um banco de dados. Voc\u00ea aprender\u00e1 como inserir manualmente registros no banco de dados, definir um site no Dreamweaver, formatar data e criptografar senhas. E tamb\u00e9m ir\u00e1 conferir como publicar o sistema online, como criar busca de not\u00edcias e muito mais. Sobre a carga hor\u00e1ria: O curso possui 80 horas de carga hor\u00e1ria. Por\u00e9m, se for [&hellip;]<\/p>\n","protected":false},"featured_media":0,"comment_status":"open","ping_status":"closed","template":"","meta":[],"product_brand":[],"product_cat":[233],"product_tag":[],"class_list":{"0":"post-16822","1":"product","2":"type-product","3":"status-publish","5":"product_cat-programacao-e-desenvolvimento","6":"post","8":"first","9":"instock","10":"virtual","11":"sold-individually","12":"product-type-simple"},"_links":{"self":[{"href":"https:\/\/treina.online\/index.php?rest_route=\/wp\/v2\/product\/16822","targetHints":{"allow":["GET"]}}],"collection":[{"href":"https:\/\/treina.online\/index.php?rest_route=\/wp\/v2\/product"}],"about":[{"href":"https:\/\/treina.online\/index.php?rest_route=\/wp\/v2\/types\/product"}],"replies":[{"embeddable":true,"href":"https:\/\/treina.online\/index.php?rest_route=%2Fwp%2Fv2%2Fcomments&post=16822"}],"version-history":[{"count":0,"href":"https:\/\/treina.online\/index.php?rest_route=\/wp\/v2\/product\/16822\/revisions"}],"wp:attachment":[{"href":"https:\/\/treina.online\/index.php?rest_route=%2Fwp%2Fv2%2Fmedia&parent=16822"}],"wp:term":[{"taxonomy":"product_brand","embeddable":true,"href":"https:\/\/treina.online\/index.php?rest_route=%2Fwp%2Fv2%2Fproduct_brand&post=16822"},{"taxonomy":"product_cat","embeddable":true,"href":"https:\/\/treina.online\/index.php?rest_route=%2Fwp%2Fv2%2Fproduct_cat&post=16822"},{"taxonomy":"product_tag","embeddable":true,"href":"https:\/\/treina.online\/index.php?rest_route=%2Fwp%2Fv2%2Fproduct_tag&post=16822"}],"curies":[{"name":"wp","href":"https:\/\/api.w.org\/{rel}","templated":true}]}}