{"id":16802,"date":"2021-01-24T18:02:00","date_gmt":"2021-01-24T20:02:00","guid":{"rendered":"http:\/\/ecursos.treinaonline.com\/produto\/curso-de-direito-processual-civil-novo-cpc\/"},"modified":"2021-01-24T18:02:00","modified_gmt":"2021-01-24T20:02:00","slug":"curso-de-direito-processual-civil-novo-cpc","status":"publish","type":"product","link":"https:\/\/treina.online\/?product=curso-de-direito-processual-civil-novo-cpc","title":{"rendered":"Curso de Direito Processual Civil &#8211; Novo CPC"},"content":{"rendered":"<p>Ensina sobre o Direito Processual Civil j\u00e1 aplicando as normas do novo CPC, como por exemplo, as novas altera\u00e7\u00f5es efetuadas no cumprimento de senten\u00e7as, no processo de execu\u00e7\u00e3o, nas a\u00e7\u00f5es de direito de fam\u00edlia e nos prazos recursais.<\/p>\n<p>Sobre a carga hor\u00e1ria:<br \/>\nO curso possui 80 horas de carga hor\u00e1ria. Por\u00e9m, se for conclu\u00eddo antes de 5 dias, passa a ter 10 horas de carga hor\u00e1ria. Conforme nosso contrato e termos de uso.<\/p>\n","protected":false},"excerpt":{"rendered":"<p>Ensina sobre o Direito Processual Civil j\u00e1 aplicando as normas do novo CPC, como por exemplo, as novas altera\u00e7\u00f5es efetuadas no cumprimento de senten\u00e7as, no processo de execu\u00e7\u00e3o, nas a\u00e7\u00f5es de direito de fam\u00edlia e nos prazos recursais. Sobre a carga hor\u00e1ria: O curso possui 80 horas de carga hor\u00e1ria. Por\u00e9m, se for conclu\u00eddo antes de 5 dias, passa a [&hellip;]<\/p>\n","protected":false},"featured_media":0,"comment_status":"open","ping_status":"closed","template":"","meta":[],"product_brand":[],"product_cat":[211],"product_tag":[],"class_list":{"0":"post-16802","1":"product","2":"type-product","3":"status-publish","5":"product_cat-direito","6":"post","8":"first","9":"instock","10":"virtual","11":"sold-individually","12":"product-type-simple"},"_links":{"self":[{"href":"https:\/\/treina.online\/index.php?rest_route=\/wp\/v2\/product\/16802","targetHints":{"allow":["GET"]}}],"collection":[{"href":"https:\/\/treina.online\/index.php?rest_route=\/wp\/v2\/product"}],"about":[{"href":"https:\/\/treina.online\/index.php?rest_route=\/wp\/v2\/types\/product"}],"replies":[{"embeddable":true,"href":"https:\/\/treina.online\/index.php?rest_route=%2Fwp%2Fv2%2Fcomments&post=16802"}],"version-history":[{"count":0,"href":"https:\/\/treina.online\/index.php?rest_route=\/wp\/v2\/product\/16802\/revisions"}],"wp:attachment":[{"href":"https:\/\/treina.online\/index.php?rest_route=%2Fwp%2Fv2%2Fmedia&parent=16802"}],"wp:term":[{"taxonomy":"product_brand","embeddable":true,"href":"https:\/\/treina.online\/index.php?rest_route=%2Fwp%2Fv2%2Fproduct_brand&post=16802"},{"taxonomy":"product_cat","embeddable":true,"href":"https:\/\/treina.online\/index.php?rest_route=%2Fwp%2Fv2%2Fproduct_cat&post=16802"},{"taxonomy":"product_tag","embeddable":true,"href":"https:\/\/treina.online\/index.php?rest_route=%2Fwp%2Fv2%2Fproduct_tag&post=16802"}],"curies":[{"name":"wp","href":"https:\/\/api.w.org\/{rel}","templated":true}]}}