{"id":16801,"date":"2021-01-24T18:01:58","date_gmt":"2021-01-24T20:01:58","guid":{"rendered":"http:\/\/ecursos.treinaonline.com\/produto\/curso-de-direito-penal-principios-basilares-e-derivados\/"},"modified":"2021-01-24T18:01:58","modified_gmt":"2021-01-24T20:01:58","slug":"curso-de-direito-penal-principios-basilares-e-derivados","status":"publish","type":"product","link":"https:\/\/treina.online\/?product=curso-de-direito-penal-principios-basilares-e-derivados","title":{"rendered":"Curso de Direito Penal: Princ\u00edpios Basilares e Derivados"},"content":{"rendered":"<p>Aborda Princ\u00edpios Basilares &#8211; Parte 1, Princ\u00edpios Basilares &#8211; Parte 2 e Princ\u00edpios Derivados.<\/p>\n<p>Sobre a carga hor\u00e1ria:<br \/>\nO curso possui 2 horas de carga hor\u00e1ria.<\/p>\n","protected":false},"excerpt":{"rendered":"<p>Aborda Princ\u00edpios Basilares &#8211; Parte 1, Princ\u00edpios Basilares &#8211; Parte 2 e Princ\u00edpios Derivados. Sobre a carga hor\u00e1ria: O curso possui 2 horas de carga hor\u00e1ria.<\/p>\n","protected":false},"featured_media":0,"comment_status":"open","ping_status":"closed","template":"","meta":[],"product_brand":[],"product_cat":[211],"product_tag":[],"class_list":{"0":"post-16801","1":"product","2":"type-product","3":"status-publish","5":"product_cat-direito","6":"post","8":"first","9":"instock","10":"virtual","11":"sold-individually","12":"product-type-simple"},"_links":{"self":[{"href":"https:\/\/treina.online\/index.php?rest_route=\/wp\/v2\/product\/16801","targetHints":{"allow":["GET"]}}],"collection":[{"href":"https:\/\/treina.online\/index.php?rest_route=\/wp\/v2\/product"}],"about":[{"href":"https:\/\/treina.online\/index.php?rest_route=\/wp\/v2\/types\/product"}],"replies":[{"embeddable":true,"href":"https:\/\/treina.online\/index.php?rest_route=%2Fwp%2Fv2%2Fcomments&post=16801"}],"version-history":[{"count":0,"href":"https:\/\/treina.online\/index.php?rest_route=\/wp\/v2\/product\/16801\/revisions"}],"wp:attachment":[{"href":"https:\/\/treina.online\/index.php?rest_route=%2Fwp%2Fv2%2Fmedia&parent=16801"}],"wp:term":[{"taxonomy":"product_brand","embeddable":true,"href":"https:\/\/treina.online\/index.php?rest_route=%2Fwp%2Fv2%2Fproduct_brand&post=16801"},{"taxonomy":"product_cat","embeddable":true,"href":"https:\/\/treina.online\/index.php?rest_route=%2Fwp%2Fv2%2Fproduct_cat&post=16801"},{"taxonomy":"product_tag","embeddable":true,"href":"https:\/\/treina.online\/index.php?rest_route=%2Fwp%2Fv2%2Fproduct_tag&post=16801"}],"curies":[{"name":"wp","href":"https:\/\/api.w.org\/{rel}","templated":true}]}}