{"id":16789,"date":"2021-01-24T18:01:43","date_gmt":"2021-01-24T20:01:43","guid":{"rendered":"http:\/\/ecursos.treinaonline.com\/produto\/curso-de-direito-civil-conceito\/"},"modified":"2021-01-24T18:01:43","modified_gmt":"2021-01-24T20:01:43","slug":"curso-de-direito-civil-conceito","status":"publish","type":"product","link":"https:\/\/treina.online\/?product=curso-de-direito-civil-conceito","title":{"rendered":"Curso de Direito Civil: Conceito"},"content":{"rendered":"<p>Voc\u00ea aprende Conceito, In\u00edcio e fim da personalidade , Capacidade de direito e de fato, Incapacidade, Conceito e fundamentos do direito da personalidade, Os atos de disposi\u00e7\u00e3o do pr\u00f3prio corpo, Tratamento m\u00e9dico de risco e Prote\u00e7\u00e3o \u00e0 palavra e \u00e0 imagem.<\/p>\n<p>Sobre a carga hor\u00e1ria:<br \/>\nO curso possui 10 horas de carga hor\u00e1ria.<\/p>\n","protected":false},"excerpt":{"rendered":"<p>Voc\u00ea aprende Conceito, In\u00edcio e fim da personalidade , Capacidade de direito e de fato, Incapacidade, Conceito e fundamentos do direito da personalidade, Os atos de disposi\u00e7\u00e3o do pr\u00f3prio corpo, Tratamento m\u00e9dico de risco e Prote\u00e7\u00e3o \u00e0 palavra e \u00e0 imagem. Sobre a carga hor\u00e1ria: O curso possui 10 horas de carga hor\u00e1ria.<\/p>\n","protected":false},"featured_media":0,"comment_status":"open","ping_status":"closed","template":"","meta":[],"product_brand":[],"product_cat":[211],"product_tag":[],"class_list":{"0":"post-16789","1":"product","2":"type-product","3":"status-publish","5":"product_cat-direito","6":"post","8":"first","9":"instock","10":"virtual","11":"sold-individually","12":"product-type-simple"},"_links":{"self":[{"href":"https:\/\/treina.online\/index.php?rest_route=\/wp\/v2\/product\/16789","targetHints":{"allow":["GET"]}}],"collection":[{"href":"https:\/\/treina.online\/index.php?rest_route=\/wp\/v2\/product"}],"about":[{"href":"https:\/\/treina.online\/index.php?rest_route=\/wp\/v2\/types\/product"}],"replies":[{"embeddable":true,"href":"https:\/\/treina.online\/index.php?rest_route=%2Fwp%2Fv2%2Fcomments&post=16789"}],"version-history":[{"count":0,"href":"https:\/\/treina.online\/index.php?rest_route=\/wp\/v2\/product\/16789\/revisions"}],"wp:attachment":[{"href":"https:\/\/treina.online\/index.php?rest_route=%2Fwp%2Fv2%2Fmedia&parent=16789"}],"wp:term":[{"taxonomy":"product_brand","embeddable":true,"href":"https:\/\/treina.online\/index.php?rest_route=%2Fwp%2Fv2%2Fproduct_brand&post=16789"},{"taxonomy":"product_cat","embeddable":true,"href":"https:\/\/treina.online\/index.php?rest_route=%2Fwp%2Fv2%2Fproduct_cat&post=16789"},{"taxonomy":"product_tag","embeddable":true,"href":"https:\/\/treina.online\/index.php?rest_route=%2Fwp%2Fv2%2Fproduct_tag&post=16789"}],"curies":[{"name":"wp","href":"https:\/\/api.w.org\/{rel}","templated":true}]}}