{"id":16774,"date":"2021-01-24T18:01:20","date_gmt":"2021-01-24T20:01:20","guid":{"rendered":"http:\/\/ecursos.treinaonline.com\/produto\/curso-de-design-de-calcados-esportivos\/"},"modified":"2021-01-24T18:01:20","modified_gmt":"2021-01-24T20:01:20","slug":"curso-de-design-de-calcados-esportivos","status":"publish","type":"product","link":"https:\/\/treina.online\/?product=curso-de-design-de-calcados-esportivos","title":{"rendered":"Curso de Design de Cal\u00e7ados Esportivos"},"content":{"rendered":"<p>Aborda a hist\u00f3ria do cal\u00e7ado esportivo e do t\u00eanis, a biomec\u00e2nica do cal\u00e7ado, os fundamentos do marketing e conhecer o mercado do cal\u00e7ado Esportivo &#038; Tend\u00eancias. Voc\u00ea ver\u00e1 desde estrutura do cal\u00e7ado at\u00e9 a montagem e cole\u00e7\u00e3o. Vai conhecer os processos industriais, etapas de desenvolvimento e as principais categorias esportivas no Brasil.<\/p>\n<p>Sobre a carga hor\u00e1ria:<br \/>\nO curso possui 80 horas de carga hor\u00e1ria. Por\u00e9m, se for conclu\u00eddo antes de 5 dias, passa a ter 10 horas de carga hor\u00e1ria. Conforme nosso contrato e termos de uso.<\/p>\n","protected":false},"excerpt":{"rendered":"<p>Aborda a hist\u00f3ria do cal\u00e7ado esportivo e do t\u00eanis, a biomec\u00e2nica do cal\u00e7ado, os fundamentos do marketing e conhecer o mercado do cal\u00e7ado Esportivo &#038; Tend\u00eancias. Voc\u00ea ver\u00e1 desde estrutura do cal\u00e7ado at\u00e9 a montagem e cole\u00e7\u00e3o. Vai conhecer os processos industriais, etapas de desenvolvimento e as principais categorias esportivas no Brasil. Sobre a carga hor\u00e1ria: O curso possui 80 [&hellip;]<\/p>\n","protected":false},"featured_media":0,"comment_status":"open","ping_status":"closed","template":"","meta":[],"product_brand":[],"product_cat":[201],"product_tag":[],"class_list":{"0":"post-16774","1":"product","2":"type-product","3":"status-publish","5":"product_cat-animacoes-e-design","6":"post","8":"first","9":"instock","10":"virtual","11":"sold-individually","12":"product-type-simple"},"_links":{"self":[{"href":"https:\/\/treina.online\/index.php?rest_route=\/wp\/v2\/product\/16774","targetHints":{"allow":["GET"]}}],"collection":[{"href":"https:\/\/treina.online\/index.php?rest_route=\/wp\/v2\/product"}],"about":[{"href":"https:\/\/treina.online\/index.php?rest_route=\/wp\/v2\/types\/product"}],"replies":[{"embeddable":true,"href":"https:\/\/treina.online\/index.php?rest_route=%2Fwp%2Fv2%2Fcomments&post=16774"}],"version-history":[{"count":0,"href":"https:\/\/treina.online\/index.php?rest_route=\/wp\/v2\/product\/16774\/revisions"}],"wp:attachment":[{"href":"https:\/\/treina.online\/index.php?rest_route=%2Fwp%2Fv2%2Fmedia&parent=16774"}],"wp:term":[{"taxonomy":"product_brand","embeddable":true,"href":"https:\/\/treina.online\/index.php?rest_route=%2Fwp%2Fv2%2Fproduct_brand&post=16774"},{"taxonomy":"product_cat","embeddable":true,"href":"https:\/\/treina.online\/index.php?rest_route=%2Fwp%2Fv2%2Fproduct_cat&post=16774"},{"taxonomy":"product_tag","embeddable":true,"href":"https:\/\/treina.online\/index.php?rest_route=%2Fwp%2Fv2%2Fproduct_tag&post=16774"}],"curies":[{"name":"wp","href":"https:\/\/api.w.org\/{rel}","templated":true}]}}