{"id":16772,"date":"2021-01-24T18:01:17","date_gmt":"2021-01-24T20:01:17","guid":{"rendered":"http:\/\/ecursos.treinaonline.com\/produto\/curso-de-desenvolvimento-gerencial-e-gestao-por-competencias\/"},"modified":"2021-01-24T18:01:17","modified_gmt":"2021-01-24T20:01:17","slug":"curso-de-desenvolvimento-gerencial-e-gestao-por-competencias","status":"publish","type":"product","link":"https:\/\/treina.online\/?product=curso-de-desenvolvimento-gerencial-e-gestao-por-competencias","title":{"rendered":"Curso de Desenvolvimento Gerencial e Gest\u00e3o por Compet\u00eancias"},"content":{"rendered":"<p>Apresenta Gest\u00e3o por Compet\u00eancia &#8211; Parte 1, Gest\u00e3o por Compet\u00eancia &#8211; Parte 2, Ciclo do desempenho, Quem pode gerir uma equipe, Gest\u00e3o de equipe x Lideran\u00e7a, Dividindo pap\u00e9is e responsabilidades, Entendendo o contexto de neg\u00f3cio, Definindo os objetivos da equipe, Alinhando objetivos, Estabelecendo vis\u00e3o de longo prazo, Desdobrando em etapas e prazos, Dividindo o trabalho, Esclarecendo fun\u00e7\u00f5es e atividades, Determinando entregas, Estabelecendo prazos, Estabelecendo padr\u00e3o de qualidade, Combinando forma de acompanhamento, Realizando revis\u00f5es intermedi\u00e1rias, Como fazer a valida\u00e7\u00e3o final, Como sugerir altera\u00e7\u00f5es, Conceito de Avalia\u00e7\u00e3o de Desempenho por Compet\u00eancias &#8211; Parte 1, Conceito de Avalia\u00e7\u00e3o de Desempenho por Compet\u00eancias &#8211; Parte 2, Import\u00e2ncia da Avalia\u00e7\u00e3o &#8211; Parte 1, Import\u00e2ncia da Avalia\u00e7\u00e3o &#8211; Parte 2, Etapas da Avalia\u00e7\u00e3o &#8211; Parte 1, Etapas da Avalia\u00e7\u00e3o &#8211; Parte 2, Tipos de Avalia\u00e7\u00e3o &#8211; Parte 1, Tipos de Avalia\u00e7\u00e3o &#8211; Parte 2, Mapeamento de Compet\u00eancias \u0096 Parte 1, Mapeamento de Compet\u00eancias \u0096 Parte 2, Sensibiliza\u00e7\u00e3o e Conscientiza\u00e7\u00e3o dos Participantes \u0096 Parte 1, Sensibiliza\u00e7\u00e3o e Conscientiza\u00e7\u00e3o dos Participantes \u0096 Parte 2, Formul\u00e1rio Pr\u00e1tico da Avalia\u00e7\u00e3o \u0096 Parte 1, Formul\u00e1rio Pr\u00e1tico da Avalia\u00e7\u00e3o \u0096 Parte 2, Mensura\u00e7\u00e3o dos Resultados &#8211; Parte 1, Mensura\u00e7\u00e3o dos Resultados &#8211; Parte 2, Feedback dos Resultados \u0096 Parte 1, Feedback dos Resultados Parte 2, Por que Adotar Crit\u00e9rios de Avalia\u00e7\u00e3o? \u0096 Parte 1, Por que Adotar Crit\u00e9rios de Avalia\u00e7\u00e3o? \u0096 Parte 2, Resultados Esperados \u0096 Parte 1, Resultados Esperados \u0096 Parte 2, Conhecendo formas de motivar, Como reconhecer comportamentos, Como corrigir presencialmente, Como corrigir \u00e0 dist\u00e2ncia, Plano de Melhoria Cont\u00ednua &#8211; Parte 1, Plano de Melhoria Cont\u00ednua \u0096 Parte 2, Engajamento cont\u00ednuo da equipe e Utilizando desempenho para engajar.<\/p>\n<p>Sobre a carga hor\u00e1ria:<br \/>\nO curso possui 80 horas de carga hor\u00e1ria. Por\u00e9m, se for conclu\u00eddo antes de 5 dias, passa a ter 10 horas de carga hor\u00e1ria. Conforme nosso contrato e termos de uso.<\/p>\n","protected":false},"excerpt":{"rendered":"<p>Apresenta Gest\u00e3o por Compet\u00eancia &#8211; Parte 1, Gest\u00e3o por Compet\u00eancia &#8211; Parte 2, Ciclo do desempenho, Quem pode gerir uma equipe, Gest\u00e3o de equipe x Lideran\u00e7a, Dividindo pap\u00e9is e responsabilidades, Entendendo o contexto de neg\u00f3cio, Definindo os objetivos da equipe, Alinhando objetivos, Estabelecendo vis\u00e3o de longo prazo, Desdobrando em etapas e prazos, Dividindo o trabalho, Esclarecendo fun\u00e7\u00f5es e atividades, Determinando [&hellip;]<\/p>\n","protected":false},"featured_media":0,"comment_status":"open","ping_status":"closed","template":"","meta":[],"product_brand":[],"product_cat":[236],"product_tag":[],"class_list":{"0":"post-16772","1":"product","2":"type-product","3":"status-publish","5":"product_cat-recursos-humanos","6":"post","8":"first","9":"instock","10":"virtual","11":"sold-individually","12":"product-type-simple"},"_links":{"self":[{"href":"https:\/\/treina.online\/index.php?rest_route=\/wp\/v2\/product\/16772","targetHints":{"allow":["GET"]}}],"collection":[{"href":"https:\/\/treina.online\/index.php?rest_route=\/wp\/v2\/product"}],"about":[{"href":"https:\/\/treina.online\/index.php?rest_route=\/wp\/v2\/types\/product"}],"replies":[{"embeddable":true,"href":"https:\/\/treina.online\/index.php?rest_route=%2Fwp%2Fv2%2Fcomments&post=16772"}],"version-history":[{"count":0,"href":"https:\/\/treina.online\/index.php?rest_route=\/wp\/v2\/product\/16772\/revisions"}],"wp:attachment":[{"href":"https:\/\/treina.online\/index.php?rest_route=%2Fwp%2Fv2%2Fmedia&parent=16772"}],"wp:term":[{"taxonomy":"product_brand","embeddable":true,"href":"https:\/\/treina.online\/index.php?rest_route=%2Fwp%2Fv2%2Fproduct_brand&post=16772"},{"taxonomy":"product_cat","embeddable":true,"href":"https:\/\/treina.online\/index.php?rest_route=%2Fwp%2Fv2%2Fproduct_cat&post=16772"},{"taxonomy":"product_tag","embeddable":true,"href":"https:\/\/treina.online\/index.php?rest_route=%2Fwp%2Fv2%2Fproduct_tag&post=16772"}],"curies":[{"name":"wp","href":"https:\/\/api.w.org\/{rel}","templated":true}]}}