{"id":16771,"date":"2021-01-24T18:01:16","date_gmt":"2021-01-24T20:01:16","guid":{"rendered":"http:\/\/ecursos.treinaonline.com\/produto\/curso-de-desenvolvimento-de-games-para-android-basico-personagens\/"},"modified":"2021-01-24T18:01:16","modified_gmt":"2021-01-24T20:01:16","slug":"curso-de-desenvolvimento-de-games-para-android-basico-personagens","status":"publish","type":"product","link":"https:\/\/treina.online\/?product=curso-de-desenvolvimento-de-games-para-android-basico-personagens","title":{"rendered":"Curso de Desenvolvimento de Games para Android &#8211; B\u00e1sico: Personagens"},"content":{"rendered":"<p>Apresenta Produzindo Anima\u00e7\u00e3o de Personagens &#8211; Parte 1, Produzindo Anima\u00e7\u00e3o de Personagens &#8211; Parte 2 e Produzindo Anima\u00e7\u00e3o de Personagens &#8211; Parte 3.<\/p>\n<p>Sobre a carga hor\u00e1ria:<br \/>\nO curso possui 2 horas de carga hor\u00e1ria.<\/p>\n","protected":false},"excerpt":{"rendered":"<p>Apresenta Produzindo Anima\u00e7\u00e3o de Personagens &#8211; Parte 1, Produzindo Anima\u00e7\u00e3o de Personagens &#8211; Parte 2 e Produzindo Anima\u00e7\u00e3o de Personagens &#8211; Parte 3. Sobre a carga hor\u00e1ria: O curso possui 2 horas de carga hor\u00e1ria.<\/p>\n","protected":false},"featured_media":0,"comment_status":"open","ping_status":"closed","template":"","meta":[],"product_brand":[],"product_cat":[233],"product_tag":[],"class_list":{"0":"post-16771","1":"product","2":"type-product","3":"status-publish","5":"product_cat-programacao-e-desenvolvimento","6":"post","8":"first","9":"instock","10":"virtual","11":"sold-individually","12":"product-type-simple"},"_links":{"self":[{"href":"https:\/\/treina.online\/index.php?rest_route=\/wp\/v2\/product\/16771","targetHints":{"allow":["GET"]}}],"collection":[{"href":"https:\/\/treina.online\/index.php?rest_route=\/wp\/v2\/product"}],"about":[{"href":"https:\/\/treina.online\/index.php?rest_route=\/wp\/v2\/types\/product"}],"replies":[{"embeddable":true,"href":"https:\/\/treina.online\/index.php?rest_route=%2Fwp%2Fv2%2Fcomments&post=16771"}],"version-history":[{"count":0,"href":"https:\/\/treina.online\/index.php?rest_route=\/wp\/v2\/product\/16771\/revisions"}],"wp:attachment":[{"href":"https:\/\/treina.online\/index.php?rest_route=%2Fwp%2Fv2%2Fmedia&parent=16771"}],"wp:term":[{"taxonomy":"product_brand","embeddable":true,"href":"https:\/\/treina.online\/index.php?rest_route=%2Fwp%2Fv2%2Fproduct_brand&post=16771"},{"taxonomy":"product_cat","embeddable":true,"href":"https:\/\/treina.online\/index.php?rest_route=%2Fwp%2Fv2%2Fproduct_cat&post=16771"},{"taxonomy":"product_tag","embeddable":true,"href":"https:\/\/treina.online\/index.php?rest_route=%2Fwp%2Fv2%2Fproduct_tag&post=16771"}],"curies":[{"name":"wp","href":"https:\/\/api.w.org\/{rel}","templated":true}]}}