{"id":16769,"date":"2021-01-24T18:01:13","date_gmt":"2021-01-24T20:01:13","guid":{"rendered":"http:\/\/ecursos.treinaonline.com\/produto\/curso-de-desenvolvimento-de-games-para-android-avancado\/"},"modified":"2021-01-24T18:01:13","modified_gmt":"2021-01-24T20:01:13","slug":"curso-de-desenvolvimento-de-games-para-android-avancado","status":"publish","type":"product","link":"https:\/\/treina.online\/?product=curso-de-desenvolvimento-de-games-para-android-avancado","title":{"rendered":"Curso de Desenvolvimento de Games para Android &#8211; Avan\u00e7ado"},"content":{"rendered":"<p>Voc\u00ea aprende como configurar personagens, anima\u00e7\u00f5es, transi\u00e7\u00f5es entre diferentes tipos de personagens, bem como f\u00edsica, edi\u00e7\u00e3o de \u00e1udio, tanto focado para games 2D quanto para 3D, al\u00e9m da linguagem c# e l\u00f3gica de programa\u00e7\u00e3o.<\/p>\n<p>Sobre a carga hor\u00e1ria:<br \/>\nO curso possui 80 horas de carga hor\u00e1ria. Por\u00e9m, se for conclu\u00eddo antes de 5 dias, passa a ter 10 horas de carga hor\u00e1ria. Conforme nosso contrato e termos de uso.<\/p>\n","protected":false},"excerpt":{"rendered":"<p>Voc\u00ea aprende como configurar personagens, anima\u00e7\u00f5es, transi\u00e7\u00f5es entre diferentes tipos de personagens, bem como f\u00edsica, edi\u00e7\u00e3o de \u00e1udio, tanto focado para games 2D quanto para 3D, al\u00e9m da linguagem c# e l\u00f3gica de programa\u00e7\u00e3o. Sobre a carga hor\u00e1ria: O curso possui 80 horas de carga hor\u00e1ria. Por\u00e9m, se for conclu\u00eddo antes de 5 dias, passa a ter 10 horas de [&hellip;]<\/p>\n","protected":false},"featured_media":0,"comment_status":"open","ping_status":"closed","template":"","meta":[],"product_brand":[],"product_cat":[233],"product_tag":[],"class_list":{"0":"post-16769","1":"product","2":"type-product","3":"status-publish","5":"product_cat-programacao-e-desenvolvimento","6":"post","8":"first","9":"instock","10":"virtual","11":"sold-individually","12":"product-type-simple"},"_links":{"self":[{"href":"https:\/\/treina.online\/index.php?rest_route=\/wp\/v2\/product\/16769","targetHints":{"allow":["GET"]}}],"collection":[{"href":"https:\/\/treina.online\/index.php?rest_route=\/wp\/v2\/product"}],"about":[{"href":"https:\/\/treina.online\/index.php?rest_route=\/wp\/v2\/types\/product"}],"replies":[{"embeddable":true,"href":"https:\/\/treina.online\/index.php?rest_route=%2Fwp%2Fv2%2Fcomments&post=16769"}],"version-history":[{"count":0,"href":"https:\/\/treina.online\/index.php?rest_route=\/wp\/v2\/product\/16769\/revisions"}],"wp:attachment":[{"href":"https:\/\/treina.online\/index.php?rest_route=%2Fwp%2Fv2%2Fmedia&parent=16769"}],"wp:term":[{"taxonomy":"product_brand","embeddable":true,"href":"https:\/\/treina.online\/index.php?rest_route=%2Fwp%2Fv2%2Fproduct_brand&post=16769"},{"taxonomy":"product_cat","embeddable":true,"href":"https:\/\/treina.online\/index.php?rest_route=%2Fwp%2Fv2%2Fproduct_cat&post=16769"},{"taxonomy":"product_tag","embeddable":true,"href":"https:\/\/treina.online\/index.php?rest_route=%2Fwp%2Fv2%2Fproduct_tag&post=16769"}],"curies":[{"name":"wp","href":"https:\/\/api.w.org\/{rel}","templated":true}]}}