{"id":16765,"date":"2021-01-24T18:01:09","date_gmt":"2021-01-24T20:01:09","guid":{"rendered":"http:\/\/ecursos.treinaonline.com\/produto\/curso-de-desenho-artistico-traco-e-forma\/"},"modified":"2021-01-24T18:01:09","modified_gmt":"2021-01-24T20:01:09","slug":"curso-de-desenho-artistico-traco-e-forma","status":"publish","type":"product","link":"https:\/\/treina.online\/?product=curso-de-desenho-artistico-traco-e-forma","title":{"rendered":"Curso de Desenho Art\u00edstico: Tra\u00e7o e Forma"},"content":{"rendered":"<p>Apresenta O desenho art\u00edstico, Materiais b\u00e1sicos para as aulas, O tra\u00e7o, O conceito da forma, Formas planas regulares e irregulares, A forma e o desenho, As 3 dimens\u00f5es e A constru\u00e7\u00e3o tridimensional dos objetos.<\/p>\n<p>Sobre a carga hor\u00e1ria:<br \/>\nO curso possui 10 horas de carga hor\u00e1ria.<\/p>\n","protected":false},"excerpt":{"rendered":"<p>Apresenta O desenho art\u00edstico, Materiais b\u00e1sicos para as aulas, O tra\u00e7o, O conceito da forma, Formas planas regulares e irregulares, A forma e o desenho, As 3 dimens\u00f5es e A constru\u00e7\u00e3o tridimensional dos objetos. Sobre a carga hor\u00e1ria: O curso possui 10 horas de carga hor\u00e1ria.<\/p>\n","protected":false},"featured_media":0,"comment_status":"open","ping_status":"closed","template":"","meta":[],"product_brand":[],"product_cat":[201],"product_tag":[],"class_list":{"0":"post-16765","1":"product","2":"type-product","3":"status-publish","5":"product_cat-animacoes-e-design","6":"post","8":"first","9":"instock","10":"virtual","11":"sold-individually","12":"product-type-simple"},"_links":{"self":[{"href":"https:\/\/treina.online\/index.php?rest_route=\/wp\/v2\/product\/16765","targetHints":{"allow":["GET"]}}],"collection":[{"href":"https:\/\/treina.online\/index.php?rest_route=\/wp\/v2\/product"}],"about":[{"href":"https:\/\/treina.online\/index.php?rest_route=\/wp\/v2\/types\/product"}],"replies":[{"embeddable":true,"href":"https:\/\/treina.online\/index.php?rest_route=%2Fwp%2Fv2%2Fcomments&post=16765"}],"version-history":[{"count":0,"href":"https:\/\/treina.online\/index.php?rest_route=\/wp\/v2\/product\/16765\/revisions"}],"wp:attachment":[{"href":"https:\/\/treina.online\/index.php?rest_route=%2Fwp%2Fv2%2Fmedia&parent=16765"}],"wp:term":[{"taxonomy":"product_brand","embeddable":true,"href":"https:\/\/treina.online\/index.php?rest_route=%2Fwp%2Fv2%2Fproduct_brand&post=16765"},{"taxonomy":"product_cat","embeddable":true,"href":"https:\/\/treina.online\/index.php?rest_route=%2Fwp%2Fv2%2Fproduct_cat&post=16765"},{"taxonomy":"product_tag","embeddable":true,"href":"https:\/\/treina.online\/index.php?rest_route=%2Fwp%2Fv2%2Fproduct_tag&post=16765"}],"curies":[{"name":"wp","href":"https:\/\/api.w.org\/{rel}","templated":true}]}}