{"id":16761,"date":"2021-01-24T18:01:06","date_gmt":"2021-01-24T20:01:06","guid":{"rendered":"http:\/\/ecursos.treinaonline.com\/produto\/curso-de-desenho-arquitetonico\/"},"modified":"2021-01-24T18:01:06","modified_gmt":"2021-01-24T20:01:06","slug":"curso-de-desenho-arquitetonico","status":"publish","type":"product","link":"https:\/\/treina.online\/?product=curso-de-desenho-arquitetonico","title":{"rendered":"Curso de Desenho Arquitet\u00f4nico"},"content":{"rendered":"<p>Ensina os conceitos b\u00e1sicos do desenho arquitet\u00f4nico. Neste curso ser\u00e1 abordada t\u00e9cnicas para que sejam desenvolvidos desenhos de plantas, cortes, eleva\u00e7\u00f5es, perspectivas e valoriza\u00e7\u00e3o gr\u00e1fica dentre outros conceitos b\u00e1sicos.<\/p>\n<p>Sobre a carga hor\u00e1ria:<br \/>\nO curso possui 80 horas de carga hor\u00e1ria. Por\u00e9m, se for conclu\u00eddo antes de 5 dias, passa a ter 10 horas de carga hor\u00e1ria. Conforme nosso contrato e termos de uso.<\/p>\n","protected":false},"excerpt":{"rendered":"<p>Ensina os conceitos b\u00e1sicos do desenho arquitet\u00f4nico. Neste curso ser\u00e1 abordada t\u00e9cnicas para que sejam desenvolvidos desenhos de plantas, cortes, eleva\u00e7\u00f5es, perspectivas e valoriza\u00e7\u00e3o gr\u00e1fica dentre outros conceitos b\u00e1sicos. Sobre a carga hor\u00e1ria: O curso possui 80 horas de carga hor\u00e1ria. Por\u00e9m, se for conclu\u00eddo antes de 5 dias, passa a ter 10 horas de carga hor\u00e1ria. Conforme nosso contrato [&hellip;]<\/p>\n","protected":false},"featured_media":0,"comment_status":"open","ping_status":"closed","template":"","meta":[],"product_brand":[],"product_cat":[202],"product_tag":[],"class_list":{"0":"post-16761","1":"product","2":"type-product","3":"status-publish","5":"product_cat-arquitetura-e-engenharia","6":"post","8":"first","9":"instock","10":"virtual","11":"sold-individually","12":"product-type-simple"},"_links":{"self":[{"href":"https:\/\/treina.online\/index.php?rest_route=\/wp\/v2\/product\/16761","targetHints":{"allow":["GET"]}}],"collection":[{"href":"https:\/\/treina.online\/index.php?rest_route=\/wp\/v2\/product"}],"about":[{"href":"https:\/\/treina.online\/index.php?rest_route=\/wp\/v2\/types\/product"}],"replies":[{"embeddable":true,"href":"https:\/\/treina.online\/index.php?rest_route=%2Fwp%2Fv2%2Fcomments&post=16761"}],"version-history":[{"count":0,"href":"https:\/\/treina.online\/index.php?rest_route=\/wp\/v2\/product\/16761\/revisions"}],"wp:attachment":[{"href":"https:\/\/treina.online\/index.php?rest_route=%2Fwp%2Fv2%2Fmedia&parent=16761"}],"wp:term":[{"taxonomy":"product_brand","embeddable":true,"href":"https:\/\/treina.online\/index.php?rest_route=%2Fwp%2Fv2%2Fproduct_brand&post=16761"},{"taxonomy":"product_cat","embeddable":true,"href":"https:\/\/treina.online\/index.php?rest_route=%2Fwp%2Fv2%2Fproduct_cat&post=16761"},{"taxonomy":"product_tag","embeddable":true,"href":"https:\/\/treina.online\/index.php?rest_route=%2Fwp%2Fv2%2Fproduct_tag&post=16761"}],"curies":[{"name":"wp","href":"https:\/\/api.w.org\/{rel}","templated":true}]}}