{"id":16753,"date":"2021-01-24T18:00:49","date_gmt":"2021-01-24T20:00:49","guid":{"rendered":"http:\/\/ecursos.treinaonline.com\/produto\/curso-de-cupcake-cenoura-coco-e-laranja\/"},"modified":"2021-01-24T18:00:49","modified_gmt":"2021-01-24T20:00:49","slug":"curso-de-cupcake-cenoura-coco-e-laranja","status":"publish","type":"product","link":"https:\/\/treina.online\/?product=curso-de-cupcake-cenoura-coco-e-laranja","title":{"rendered":"Curso de Cupcake: Cenoura, Coco e Laranja"},"content":{"rendered":"<p>Ensina Introdu\u00e7\u00e3o e Utens\u00edlios B\u00e1sicos, Cupcake de Cenoura, Cupcake de Coco e Cupcake de Laranja.<\/p>\n<p>Sobre a carga hor\u00e1ria:<br \/>\nO curso possui 5 horas de carga hor\u00e1ria.<\/p>\n","protected":false},"excerpt":{"rendered":"<p>Ensina Introdu\u00e7\u00e3o e Utens\u00edlios B\u00e1sicos, Cupcake de Cenoura, Cupcake de Coco e Cupcake de Laranja. Sobre a carga hor\u00e1ria: O curso possui 5 horas de carga hor\u00e1ria.<\/p>\n","protected":false},"featured_media":0,"comment_status":"open","ping_status":"closed","template":"","meta":[],"product_brand":[],"product_cat":[212],"product_tag":[],"class_list":{"0":"post-16753","1":"product","2":"type-product","3":"status-publish","5":"product_cat-doces-e-confeitaria","6":"post","8":"first","9":"instock","10":"virtual","11":"sold-individually","12":"product-type-simple"},"_links":{"self":[{"href":"https:\/\/treina.online\/index.php?rest_route=\/wp\/v2\/product\/16753","targetHints":{"allow":["GET"]}}],"collection":[{"href":"https:\/\/treina.online\/index.php?rest_route=\/wp\/v2\/product"}],"about":[{"href":"https:\/\/treina.online\/index.php?rest_route=\/wp\/v2\/types\/product"}],"replies":[{"embeddable":true,"href":"https:\/\/treina.online\/index.php?rest_route=%2Fwp%2Fv2%2Fcomments&post=16753"}],"version-history":[{"count":0,"href":"https:\/\/treina.online\/index.php?rest_route=\/wp\/v2\/product\/16753\/revisions"}],"wp:attachment":[{"href":"https:\/\/treina.online\/index.php?rest_route=%2Fwp%2Fv2%2Fmedia&parent=16753"}],"wp:term":[{"taxonomy":"product_brand","embeddable":true,"href":"https:\/\/treina.online\/index.php?rest_route=%2Fwp%2Fv2%2Fproduct_brand&post=16753"},{"taxonomy":"product_cat","embeddable":true,"href":"https:\/\/treina.online\/index.php?rest_route=%2Fwp%2Fv2%2Fproduct_cat&post=16753"},{"taxonomy":"product_tag","embeddable":true,"href":"https:\/\/treina.online\/index.php?rest_route=%2Fwp%2Fv2%2Fproduct_tag&post=16753"}],"curies":[{"name":"wp","href":"https:\/\/api.w.org\/{rel}","templated":true}]}}