{"id":16752,"date":"2021-01-24T18:00:48","date_gmt":"2021-01-24T20:00:48","guid":{"rendered":"http:\/\/ecursos.treinaonline.com\/produto\/curso-de-cupcake-baunilha-e-chocolate\/"},"modified":"2021-01-24T18:00:48","modified_gmt":"2021-01-24T20:00:48","slug":"curso-de-cupcake-baunilha-e-chocolate","status":"publish","type":"product","link":"https:\/\/treina.online\/?product=curso-de-cupcake-baunilha-e-chocolate","title":{"rendered":"Curso de Cupcake: Baunilha e Chocolate"},"content":{"rendered":"<p>Aborda Introdu\u00e7\u00e3o e Utens\u00edlios B\u00e1sicos, CupCake de Baunilha, Decora\u00e7\u00e3o com Buttercream e Cupcake de Chocolate.<\/p>\n<p>Sobre a carga hor\u00e1ria:<br \/>\nO curso possui 5 horas de carga hor\u00e1ria.<\/p>\n","protected":false},"excerpt":{"rendered":"<p>Aborda Introdu\u00e7\u00e3o e Utens\u00edlios B\u00e1sicos, CupCake de Baunilha, Decora\u00e7\u00e3o com Buttercream e Cupcake de Chocolate. Sobre a carga hor\u00e1ria: O curso possui 5 horas de carga hor\u00e1ria.<\/p>\n","protected":false},"featured_media":0,"comment_status":"open","ping_status":"closed","template":"","meta":[],"product_brand":[],"product_cat":[212],"product_tag":[],"class_list":{"0":"post-16752","1":"product","2":"type-product","3":"status-publish","5":"product_cat-doces-e-confeitaria","6":"post","8":"first","9":"instock","10":"virtual","11":"sold-individually","12":"product-type-simple"},"_links":{"self":[{"href":"https:\/\/treina.online\/index.php?rest_route=\/wp\/v2\/product\/16752","targetHints":{"allow":["GET"]}}],"collection":[{"href":"https:\/\/treina.online\/index.php?rest_route=\/wp\/v2\/product"}],"about":[{"href":"https:\/\/treina.online\/index.php?rest_route=\/wp\/v2\/types\/product"}],"replies":[{"embeddable":true,"href":"https:\/\/treina.online\/index.php?rest_route=%2Fwp%2Fv2%2Fcomments&post=16752"}],"version-history":[{"count":0,"href":"https:\/\/treina.online\/index.php?rest_route=\/wp\/v2\/product\/16752\/revisions"}],"wp:attachment":[{"href":"https:\/\/treina.online\/index.php?rest_route=%2Fwp%2Fv2%2Fmedia&parent=16752"}],"wp:term":[{"taxonomy":"product_brand","embeddable":true,"href":"https:\/\/treina.online\/index.php?rest_route=%2Fwp%2Fv2%2Fproduct_brand&post=16752"},{"taxonomy":"product_cat","embeddable":true,"href":"https:\/\/treina.online\/index.php?rest_route=%2Fwp%2Fv2%2Fproduct_cat&post=16752"},{"taxonomy":"product_tag","embeddable":true,"href":"https:\/\/treina.online\/index.php?rest_route=%2Fwp%2Fv2%2Fproduct_tag&post=16752"}],"curies":[{"name":"wp","href":"https:\/\/api.w.org\/{rel}","templated":true}]}}