{"id":16751,"date":"2021-01-24T18:00:47","date_gmt":"2021-01-24T20:00:47","guid":{"rendered":"http:\/\/ecursos.treinaonline.com\/produto\/curso-de-cupcake\/"},"modified":"2021-01-24T18:00:47","modified_gmt":"2021-01-24T20:00:47","slug":"curso-de-cupcake","status":"publish","type":"product","link":"https:\/\/treina.online\/?product=curso-de-cupcake","title":{"rendered":"Curso de Cupcake"},"content":{"rendered":"<p>Aborda a fazer desde a massa b\u00e1sica de baunilha, de chocolate, at\u00e9 as mais ousadas, como de coco e laranja. Voc\u00ea tamb\u00e9m vai aprender a fazer incr\u00edveis recheios, coberturas, esculturas de pasta americana que combinam com todas as ocasi\u00f5es, e por fim voc\u00ea vai aprender a fazer cupcakes salgados.<\/p>\n<p>Sobre a carga hor\u00e1ria:<br \/>\nO curso possui 80 horas de carga hor\u00e1ria. Por\u00e9m, se for conclu\u00eddo antes de 5 dias, passa a ter 10 horas de carga hor\u00e1ria. Conforme nosso contrato e termos de uso.<\/p>\n","protected":false},"excerpt":{"rendered":"<p>Aborda a fazer desde a massa b\u00e1sica de baunilha, de chocolate, at\u00e9 as mais ousadas, como de coco e laranja. Voc\u00ea tamb\u00e9m vai aprender a fazer incr\u00edveis recheios, coberturas, esculturas de pasta americana que combinam com todas as ocasi\u00f5es, e por fim voc\u00ea vai aprender a fazer cupcakes salgados. Sobre a carga hor\u00e1ria: O curso possui 80 horas de carga [&hellip;]<\/p>\n","protected":false},"featured_media":0,"comment_status":"open","ping_status":"closed","template":"","meta":[],"product_brand":[],"product_cat":[212],"product_tag":[],"class_list":{"0":"post-16751","1":"product","2":"type-product","3":"status-publish","5":"product_cat-doces-e-confeitaria","6":"post","8":"first","9":"instock","10":"virtual","11":"sold-individually","12":"product-type-simple"},"_links":{"self":[{"href":"https:\/\/treina.online\/index.php?rest_route=\/wp\/v2\/product\/16751","targetHints":{"allow":["GET"]}}],"collection":[{"href":"https:\/\/treina.online\/index.php?rest_route=\/wp\/v2\/product"}],"about":[{"href":"https:\/\/treina.online\/index.php?rest_route=\/wp\/v2\/types\/product"}],"replies":[{"embeddable":true,"href":"https:\/\/treina.online\/index.php?rest_route=%2Fwp%2Fv2%2Fcomments&post=16751"}],"version-history":[{"count":0,"href":"https:\/\/treina.online\/index.php?rest_route=\/wp\/v2\/product\/16751\/revisions"}],"wp:attachment":[{"href":"https:\/\/treina.online\/index.php?rest_route=%2Fwp%2Fv2%2Fmedia&parent=16751"}],"wp:term":[{"taxonomy":"product_brand","embeddable":true,"href":"https:\/\/treina.online\/index.php?rest_route=%2Fwp%2Fv2%2Fproduct_brand&post=16751"},{"taxonomy":"product_cat","embeddable":true,"href":"https:\/\/treina.online\/index.php?rest_route=%2Fwp%2Fv2%2Fproduct_cat&post=16751"},{"taxonomy":"product_tag","embeddable":true,"href":"https:\/\/treina.online\/index.php?rest_route=%2Fwp%2Fv2%2Fproduct_tag&post=16751"}],"curies":[{"name":"wp","href":"https:\/\/api.w.org\/{rel}","templated":true}]}}