{"id":16744,"date":"2021-01-24T18:00:39","date_gmt":"2021-01-24T20:00:39","guid":{"rendered":"http:\/\/ecursos.treinaonline.com\/produto\/curso-de-culinaria-low-carb-torta-doce-de-frigideira\/"},"modified":"2021-01-24T18:00:39","modified_gmt":"2021-01-24T20:00:39","slug":"curso-de-culinaria-low-carb-torta-doce-de-frigideira","status":"publish","type":"product","link":"https:\/\/treina.online\/?product=curso-de-culinaria-low-carb-torta-doce-de-frigideira","title":{"rendered":"Curso de Culin\u00e1ria Low Carb: Torta Doce de Frigideira"},"content":{"rendered":"<p>Apresenta Torta doce de frigideira &#8211; Ingredientes, Torta doce de frigideira &#8211; Preparo e Torta doce de frigideira &#8211; Finaliza\u00e7\u00e3o.<\/p>\n<p>Sobre a carga hor\u00e1ria:<br \/>\nO curso possui 2 horas de carga hor\u00e1ria.<\/p>\n","protected":false},"excerpt":{"rendered":"<p>Apresenta Torta doce de frigideira &#8211; Ingredientes, Torta doce de frigideira &#8211; Preparo e Torta doce de frigideira &#8211; Finaliza\u00e7\u00e3o. Sobre a carga hor\u00e1ria: O curso possui 2 horas de carga hor\u00e1ria.<\/p>\n","protected":false},"featured_media":0,"comment_status":"open","ping_status":"closed","template":"","meta":[],"product_brand":[],"product_cat":[212],"product_tag":[],"class_list":{"0":"post-16744","1":"product","2":"type-product","3":"status-publish","5":"product_cat-doces-e-confeitaria","6":"post","8":"first","9":"instock","10":"virtual","11":"sold-individually","12":"product-type-simple"},"_links":{"self":[{"href":"https:\/\/treina.online\/index.php?rest_route=\/wp\/v2\/product\/16744","targetHints":{"allow":["GET"]}}],"collection":[{"href":"https:\/\/treina.online\/index.php?rest_route=\/wp\/v2\/product"}],"about":[{"href":"https:\/\/treina.online\/index.php?rest_route=\/wp\/v2\/types\/product"}],"replies":[{"embeddable":true,"href":"https:\/\/treina.online\/index.php?rest_route=%2Fwp%2Fv2%2Fcomments&post=16744"}],"version-history":[{"count":0,"href":"https:\/\/treina.online\/index.php?rest_route=\/wp\/v2\/product\/16744\/revisions"}],"wp:attachment":[{"href":"https:\/\/treina.online\/index.php?rest_route=%2Fwp%2Fv2%2Fmedia&parent=16744"}],"wp:term":[{"taxonomy":"product_brand","embeddable":true,"href":"https:\/\/treina.online\/index.php?rest_route=%2Fwp%2Fv2%2Fproduct_brand&post=16744"},{"taxonomy":"product_cat","embeddable":true,"href":"https:\/\/treina.online\/index.php?rest_route=%2Fwp%2Fv2%2Fproduct_cat&post=16744"},{"taxonomy":"product_tag","embeddable":true,"href":"https:\/\/treina.online\/index.php?rest_route=%2Fwp%2Fv2%2Fproduct_tag&post=16744"}],"curies":[{"name":"wp","href":"https:\/\/api.w.org\/{rel}","templated":true}]}}