{"id":16743,"date":"2021-01-24T18:00:38","date_gmt":"2021-01-24T20:00:38","guid":{"rendered":"http:\/\/ecursos.treinaonline.com\/produto\/curso-de-culinaria-low-carb-tilapia-gratinada\/"},"modified":"2021-01-24T18:00:38","modified_gmt":"2021-01-24T20:00:38","slug":"curso-de-culinaria-low-carb-tilapia-gratinada","status":"publish","type":"product","link":"https:\/\/treina.online\/?product=curso-de-culinaria-low-carb-tilapia-gratinada","title":{"rendered":"Curso de Culin\u00e1ria Low Carb: Til\u00e1pia Gratinada"},"content":{"rendered":"<p>Ensina Til\u00e1pia gratinada com legumes &#8211; Ingredientes, Til\u00e1pia gratinada com legumes &#8211; Preparo e Til\u00e1pia gratinada com legumes &#8211; Finaliza\u00e7\u00e3o.<\/p>\n<p>Sobre a carga hor\u00e1ria:<br \/>\nO curso possui 2 horas de carga hor\u00e1ria.<\/p>\n","protected":false},"excerpt":{"rendered":"<p>Ensina Til\u00e1pia gratinada com legumes &#8211; Ingredientes, Til\u00e1pia gratinada com legumes &#8211; Preparo e Til\u00e1pia gratinada com legumes &#8211; Finaliza\u00e7\u00e3o. Sobre a carga hor\u00e1ria: O curso possui 2 horas de carga hor\u00e1ria.<\/p>\n","protected":false},"featured_media":0,"comment_status":"open","ping_status":"closed","template":"","meta":[],"product_brand":[],"product_cat":[208],"product_tag":[],"class_list":{"0":"post-16743","1":"product","2":"type-product","3":"status-publish","5":"product_cat-culinaria-e-gastronomia","6":"post","8":"first","9":"instock","10":"virtual","11":"sold-individually","12":"product-type-simple"},"_links":{"self":[{"href":"https:\/\/treina.online\/index.php?rest_route=\/wp\/v2\/product\/16743","targetHints":{"allow":["GET"]}}],"collection":[{"href":"https:\/\/treina.online\/index.php?rest_route=\/wp\/v2\/product"}],"about":[{"href":"https:\/\/treina.online\/index.php?rest_route=\/wp\/v2\/types\/product"}],"replies":[{"embeddable":true,"href":"https:\/\/treina.online\/index.php?rest_route=%2Fwp%2Fv2%2Fcomments&post=16743"}],"version-history":[{"count":0,"href":"https:\/\/treina.online\/index.php?rest_route=\/wp\/v2\/product\/16743\/revisions"}],"wp:attachment":[{"href":"https:\/\/treina.online\/index.php?rest_route=%2Fwp%2Fv2%2Fmedia&parent=16743"}],"wp:term":[{"taxonomy":"product_brand","embeddable":true,"href":"https:\/\/treina.online\/index.php?rest_route=%2Fwp%2Fv2%2Fproduct_brand&post=16743"},{"taxonomy":"product_cat","embeddable":true,"href":"https:\/\/treina.online\/index.php?rest_route=%2Fwp%2Fv2%2Fproduct_cat&post=16743"},{"taxonomy":"product_tag","embeddable":true,"href":"https:\/\/treina.online\/index.php?rest_route=%2Fwp%2Fv2%2Fproduct_tag&post=16743"}],"curies":[{"name":"wp","href":"https:\/\/api.w.org\/{rel}","templated":true}]}}