{"id":16726,"date":"2021-01-24T18:00:15","date_gmt":"2021-01-24T20:00:15","guid":{"rendered":"http:\/\/ecursos.treinaonline.com\/produto\/curso-de-culinaria-basica\/"},"modified":"2021-01-24T18:00:15","modified_gmt":"2021-01-24T20:00:15","slug":"curso-de-culinaria-basica","status":"publish","type":"product","link":"https:\/\/treina.online\/?product=curso-de-culinaria-basica","title":{"rendered":"Curso de Culin\u00e1ria B\u00e1sica"},"content":{"rendered":"<p>Explica Culin\u00e1ria \u00e9 um prazer e voc\u00ea vai aprender muito mais sobre essa arte. a preparar pratos simples que fazem parte do seu dia-a-dia como macarr\u00e3o, frango a passarinho, bife \u00e0 milanesa, feij\u00e3o, arroz e muitos outros pratos deliciosos em aulas pr\u00e1ticas e recheadas de muitas dicas para voc\u00ea ser um expert na cozinha.<\/p>\n<p>Sobre a carga hor\u00e1ria:<br \/>\nO curso possui 80 horas de carga hor\u00e1ria. Por\u00e9m, se for conclu\u00eddo antes de 5 dias, passa a ter 10 horas de carga hor\u00e1ria. Conforme nosso contrato e termos de uso.<\/p>\n","protected":false},"excerpt":{"rendered":"<p>Explica Culin\u00e1ria \u00e9 um prazer e voc\u00ea vai aprender muito mais sobre essa arte. a preparar pratos simples que fazem parte do seu dia-a-dia como macarr\u00e3o, frango a passarinho, bife \u00e0 milanesa, feij\u00e3o, arroz e muitos outros pratos deliciosos em aulas pr\u00e1ticas e recheadas de muitas dicas para voc\u00ea ser um expert na cozinha. Sobre a carga hor\u00e1ria: O curso [&hellip;]<\/p>\n","protected":false},"featured_media":0,"comment_status":"open","ping_status":"closed","template":"","meta":[],"product_brand":[],"product_cat":[208],"product_tag":[],"class_list":{"0":"post-16726","1":"product","2":"type-product","3":"status-publish","5":"product_cat-culinaria-e-gastronomia","6":"post","8":"first","9":"instock","10":"virtual","11":"sold-individually","12":"product-type-simple"},"_links":{"self":[{"href":"https:\/\/treina.online\/index.php?rest_route=\/wp\/v2\/product\/16726","targetHints":{"allow":["GET"]}}],"collection":[{"href":"https:\/\/treina.online\/index.php?rest_route=\/wp\/v2\/product"}],"about":[{"href":"https:\/\/treina.online\/index.php?rest_route=\/wp\/v2\/types\/product"}],"replies":[{"embeddable":true,"href":"https:\/\/treina.online\/index.php?rest_route=%2Fwp%2Fv2%2Fcomments&post=16726"}],"version-history":[{"count":0,"href":"https:\/\/treina.online\/index.php?rest_route=\/wp\/v2\/product\/16726\/revisions"}],"wp:attachment":[{"href":"https:\/\/treina.online\/index.php?rest_route=%2Fwp%2Fv2%2Fmedia&parent=16726"}],"wp:term":[{"taxonomy":"product_brand","embeddable":true,"href":"https:\/\/treina.online\/index.php?rest_route=%2Fwp%2Fv2%2Fproduct_brand&post=16726"},{"taxonomy":"product_cat","embeddable":true,"href":"https:\/\/treina.online\/index.php?rest_route=%2Fwp%2Fv2%2Fproduct_cat&post=16726"},{"taxonomy":"product_tag","embeddable":true,"href":"https:\/\/treina.online\/index.php?rest_route=%2Fwp%2Fv2%2Fproduct_tag&post=16726"}],"curies":[{"name":"wp","href":"https:\/\/api.w.org\/{rel}","templated":true}]}}