{"id":16720,"date":"2021-01-24T18:00:08","date_gmt":"2021-01-24T20:00:08","guid":{"rendered":"http:\/\/ecursos.treinaonline.com\/produto\/curso-de-cuidados-na-gravidez\/"},"modified":"2021-01-24T18:00:08","modified_gmt":"2021-01-24T20:00:08","slug":"curso-de-cuidados-na-gravidez","status":"publish","type":"product","link":"https:\/\/treina.online\/?product=curso-de-cuidados-na-gravidez","title":{"rendered":"Curso de Cuidados na Gravidez"},"content":{"rendered":"<p>Voc\u00ea aprende desde a escolha dos profissionais adequados para o per\u00edodo da gravidez at\u00e9 aulas sobre nutri\u00e7\u00e3o. Al\u00e9m disso, temos tamb\u00e9m o Curso de El\u00e9trica Residencial B\u00e1sica na Pr\u00e1tica,, Sommelier, e Intelig\u00eancia Emocional,.<\/p>\n<p>Sobre a carga hor\u00e1ria:<br \/>\nO curso possui 80 horas de carga hor\u00e1ria. Por\u00e9m, se for conclu\u00eddo antes de 5 dias, passa a ter 10 horas de carga hor\u00e1ria. Conforme nosso contrato e termos de uso.<\/p>\n","protected":false},"excerpt":{"rendered":"<p>Voc\u00ea aprende desde a escolha dos profissionais adequados para o per\u00edodo da gravidez at\u00e9 aulas sobre nutri\u00e7\u00e3o. Al\u00e9m disso, temos tamb\u00e9m o Curso de El\u00e9trica Residencial B\u00e1sica na Pr\u00e1tica,, Sommelier, e Intelig\u00eancia Emocional,. Sobre a carga hor\u00e1ria: O curso possui 80 horas de carga hor\u00e1ria. Por\u00e9m, se for conclu\u00eddo antes de 5 dias, passa a ter 10 horas de carga [&hellip;]<\/p>\n","protected":false},"featured_media":0,"comment_status":"open","ping_status":"closed","template":"","meta":[],"product_brand":[],"product_cat":[207],"product_tag":[],"class_list":{"0":"post-16720","1":"product","2":"type-product","3":"status-publish","5":"product_cat-cotidiano","6":"post","8":"first","9":"instock","10":"virtual","11":"sold-individually","12":"product-type-simple"},"_links":{"self":[{"href":"https:\/\/treina.online\/index.php?rest_route=\/wp\/v2\/product\/16720","targetHints":{"allow":["GET"]}}],"collection":[{"href":"https:\/\/treina.online\/index.php?rest_route=\/wp\/v2\/product"}],"about":[{"href":"https:\/\/treina.online\/index.php?rest_route=\/wp\/v2\/types\/product"}],"replies":[{"embeddable":true,"href":"https:\/\/treina.online\/index.php?rest_route=%2Fwp%2Fv2%2Fcomments&post=16720"}],"version-history":[{"count":0,"href":"https:\/\/treina.online\/index.php?rest_route=\/wp\/v2\/product\/16720\/revisions"}],"wp:attachment":[{"href":"https:\/\/treina.online\/index.php?rest_route=%2Fwp%2Fv2%2Fmedia&parent=16720"}],"wp:term":[{"taxonomy":"product_brand","embeddable":true,"href":"https:\/\/treina.online\/index.php?rest_route=%2Fwp%2Fv2%2Fproduct_brand&post=16720"},{"taxonomy":"product_cat","embeddable":true,"href":"https:\/\/treina.online\/index.php?rest_route=%2Fwp%2Fv2%2Fproduct_cat&post=16720"},{"taxonomy":"product_tag","embeddable":true,"href":"https:\/\/treina.online\/index.php?rest_route=%2Fwp%2Fv2%2Fproduct_tag&post=16720"}],"curies":[{"name":"wp","href":"https:\/\/api.w.org\/{rel}","templated":true}]}}