{"id":16718,"date":"2021-01-24T17:59:59","date_gmt":"2021-01-24T19:59:59","guid":{"rendered":"http:\/\/ecursos.treinaonline.com\/produto\/curso-de-cuidados-com-recem-nascidos\/"},"modified":"2021-01-24T17:59:59","modified_gmt":"2021-01-24T19:59:59","slug":"curso-de-cuidados-com-recem-nascidos","status":"publish","type":"product","link":"https:\/\/treina.online\/?product=curso-de-cuidados-com-recem-nascidos","title":{"rendered":"Curso de Cuidados com Rec\u00e9m-Nascidos"},"content":{"rendered":"<p>Aborda como amamentar, dicas do que comprar e do que n\u00e3o comprar para o rec\u00e9m-nascido, a import\u00e2ncia da vacina\u00e7\u00e3o, alimentos que n\u00e3o s\u00e3o permitidos, e muito mais.<\/p>\n<p>Sobre a carga hor\u00e1ria:<br \/>\nO curso possui 80 horas de carga hor\u00e1ria. Por\u00e9m, se for conclu\u00eddo antes de 5 dias, passa a ter 10 horas de carga hor\u00e1ria. Conforme nosso contrato e termos de uso.<\/p>\n","protected":false},"excerpt":{"rendered":"<p>Aborda como amamentar, dicas do que comprar e do que n\u00e3o comprar para o rec\u00e9m-nascido, a import\u00e2ncia da vacina\u00e7\u00e3o, alimentos que n\u00e3o s\u00e3o permitidos, e muito mais. Sobre a carga hor\u00e1ria: O curso possui 80 horas de carga hor\u00e1ria. Por\u00e9m, se for conclu\u00eddo antes de 5 dias, passa a ter 10 horas de carga hor\u00e1ria. Conforme nosso contrato e termos [&hellip;]<\/p>\n","protected":false},"featured_media":0,"comment_status":"open","ping_status":"closed","template":"","meta":[],"product_brand":[],"product_cat":[207],"product_tag":[],"class_list":{"0":"post-16718","1":"product","2":"type-product","3":"status-publish","5":"product_cat-cotidiano","6":"post","8":"first","9":"instock","10":"virtual","11":"sold-individually","12":"product-type-simple"},"_links":{"self":[{"href":"https:\/\/treina.online\/index.php?rest_route=\/wp\/v2\/product\/16718","targetHints":{"allow":["GET"]}}],"collection":[{"href":"https:\/\/treina.online\/index.php?rest_route=\/wp\/v2\/product"}],"about":[{"href":"https:\/\/treina.online\/index.php?rest_route=\/wp\/v2\/types\/product"}],"replies":[{"embeddable":true,"href":"https:\/\/treina.online\/index.php?rest_route=%2Fwp%2Fv2%2Fcomments&post=16718"}],"version-history":[{"count":0,"href":"https:\/\/treina.online\/index.php?rest_route=\/wp\/v2\/product\/16718\/revisions"}],"wp:attachment":[{"href":"https:\/\/treina.online\/index.php?rest_route=%2Fwp%2Fv2%2Fmedia&parent=16718"}],"wp:term":[{"taxonomy":"product_brand","embeddable":true,"href":"https:\/\/treina.online\/index.php?rest_route=%2Fwp%2Fv2%2Fproduct_brand&post=16718"},{"taxonomy":"product_cat","embeddable":true,"href":"https:\/\/treina.online\/index.php?rest_route=%2Fwp%2Fv2%2Fproduct_cat&post=16718"},{"taxonomy":"product_tag","embeddable":true,"href":"https:\/\/treina.online\/index.php?rest_route=%2Fwp%2Fv2%2Fproduct_tag&post=16718"}],"curies":[{"name":"wp","href":"https:\/\/api.w.org\/{rel}","templated":true}]}}