{"id":16716,"date":"2021-01-24T17:59:56","date_gmt":"2021-01-24T19:59:56","guid":{"rendered":"http:\/\/ecursos.treinaonline.com\/produto\/curso-de-css-avancado\/"},"modified":"2021-01-24T17:59:56","modified_gmt":"2021-01-24T19:59:56","slug":"curso-de-css-avancado","status":"publish","type":"product","link":"https:\/\/treina.online\/?product=curso-de-css-avancado","title":{"rendered":"Curso de CSS Avan\u00e7ado"},"content":{"rendered":"<p>Voc\u00ea aprende todas as fun\u00e7\u00f5es e propriedades do CSS utilizadas na programa\u00e7\u00e3o de p\u00e1ginas de sites. Criar sites e portais em CSS \u00e9 praticamente obrigat\u00f3rio nos dias atuais, a web evoluiu e criar sites usando tabelas j\u00e1 n\u00e3o \u00e9 o melhor caminho. Aqui nesse curso voc\u00ea vai aprender uma s\u00e9rie de itens avan\u00e7ados que permitem criar layouts cada vez mais limpos e dentro dos padr\u00f5es atuais, desde a organiza\u00e7\u00e3o dos c\u00f3digos e os seletores, at\u00e9 as principais propriedades do CSS. Al\u00e9m disso, ver\u00e1 tamb\u00e9m a cria\u00e7\u00e3o que backgrounds, listas, menus, formul\u00e1rios e muito mais!.<\/p>\n<p>Sobre a carga hor\u00e1ria:<br \/>\nO curso possui 80 horas de carga hor\u00e1ria. Por\u00e9m, se for conclu\u00eddo antes de 5 dias, passa a ter 10 horas de carga hor\u00e1ria. Conforme nosso contrato e termos de uso.<\/p>\n","protected":false},"excerpt":{"rendered":"<p>Voc\u00ea aprende todas as fun\u00e7\u00f5es e propriedades do CSS utilizadas na programa\u00e7\u00e3o de p\u00e1ginas de sites. Criar sites e portais em CSS \u00e9 praticamente obrigat\u00f3rio nos dias atuais, a web evoluiu e criar sites usando tabelas j\u00e1 n\u00e3o \u00e9 o melhor caminho. Aqui nesse curso voc\u00ea vai aprender uma s\u00e9rie de itens avan\u00e7ados que permitem criar layouts cada vez mais [&hellip;]<\/p>\n","protected":false},"featured_media":0,"comment_status":"open","ping_status":"closed","template":"","meta":[],"product_brand":[],"product_cat":[233],"product_tag":[],"class_list":{"0":"post-16716","1":"product","2":"type-product","3":"status-publish","5":"product_cat-programacao-e-desenvolvimento","6":"post","8":"first","9":"instock","10":"virtual","11":"sold-individually","12":"product-type-simple"},"_links":{"self":[{"href":"https:\/\/treina.online\/index.php?rest_route=\/wp\/v2\/product\/16716","targetHints":{"allow":["GET"]}}],"collection":[{"href":"https:\/\/treina.online\/index.php?rest_route=\/wp\/v2\/product"}],"about":[{"href":"https:\/\/treina.online\/index.php?rest_route=\/wp\/v2\/types\/product"}],"replies":[{"embeddable":true,"href":"https:\/\/treina.online\/index.php?rest_route=%2Fwp%2Fv2%2Fcomments&post=16716"}],"version-history":[{"count":0,"href":"https:\/\/treina.online\/index.php?rest_route=\/wp\/v2\/product\/16716\/revisions"}],"wp:attachment":[{"href":"https:\/\/treina.online\/index.php?rest_route=%2Fwp%2Fv2%2Fmedia&parent=16716"}],"wp:term":[{"taxonomy":"product_brand","embeddable":true,"href":"https:\/\/treina.online\/index.php?rest_route=%2Fwp%2Fv2%2Fproduct_brand&post=16716"},{"taxonomy":"product_cat","embeddable":true,"href":"https:\/\/treina.online\/index.php?rest_route=%2Fwp%2Fv2%2Fproduct_cat&post=16716"},{"taxonomy":"product_tag","embeddable":true,"href":"https:\/\/treina.online\/index.php?rest_route=%2Fwp%2Fv2%2Fproduct_tag&post=16716"}],"curies":[{"name":"wp","href":"https:\/\/api.w.org\/{rel}","templated":true}]}}