{"id":16715,"date":"2021-01-24T17:59:55","date_gmt":"2021-01-24T19:59:55","guid":{"rendered":"http:\/\/ecursos.treinaonline.com\/produto\/curso-de-css-3\/"},"modified":"2021-01-24T17:59:55","modified_gmt":"2021-01-24T19:59:55","slug":"curso-de-css-3","status":"publish","type":"product","link":"https:\/\/treina.online\/?product=curso-de-css-3","title":{"rendered":"Curso de CSS 3"},"content":{"rendered":"<p>Voc\u00ea aprender\u00e1 todas as novidades dessa vers\u00e3o para criar os seus layouts. Voc\u00ea ir\u00e1 entender como funcionam os seletores que s\u00e3o respons\u00e1veis pelo comando que executa a a\u00e7\u00e3o. Ainda vai aprender os itens de Background que servem de fundo do seu objeto, como o Background clip que ajuda a manipular o fundo de acordo com as dimens\u00f5es que voc\u00ea precisa. Assim como conseguir\u00e1 escolher a melhor fonte para desenvolver o seu trabalho com o novo recurso Font Face que carrega as fontes diretamente da web. E por fim, voc\u00ea aprender\u00e1 a realizar uma transi\u00e7\u00e3o via CSS, onde poder\u00e1 definir detalhes como tempo de transi\u00e7\u00e3o de cores com as ferramentas oferecidas pelo CSS3.<\/p>\n<p>Sobre a carga hor\u00e1ria:<br \/>\nO curso possui 80 horas de carga hor\u00e1ria. Por\u00e9m, se for conclu\u00eddo antes de 5 dias, passa a ter 10 horas de carga hor\u00e1ria. Conforme nosso contrato e termos de uso.<\/p>\n","protected":false},"excerpt":{"rendered":"<p>Voc\u00ea aprender\u00e1 todas as novidades dessa vers\u00e3o para criar os seus layouts. Voc\u00ea ir\u00e1 entender como funcionam os seletores que s\u00e3o respons\u00e1veis pelo comando que executa a a\u00e7\u00e3o. Ainda vai aprender os itens de Background que servem de fundo do seu objeto, como o Background clip que ajuda a manipular o fundo de acordo com as dimens\u00f5es que voc\u00ea precisa. [&hellip;]<\/p>\n","protected":false},"featured_media":0,"comment_status":"open","ping_status":"closed","template":"","meta":[],"product_brand":[],"product_cat":[233],"product_tag":[],"class_list":{"0":"post-16715","1":"product","2":"type-product","3":"status-publish","5":"product_cat-programacao-e-desenvolvimento","6":"post","8":"first","9":"instock","10":"virtual","11":"sold-individually","12":"product-type-simple"},"_links":{"self":[{"href":"https:\/\/treina.online\/index.php?rest_route=\/wp\/v2\/product\/16715","targetHints":{"allow":["GET"]}}],"collection":[{"href":"https:\/\/treina.online\/index.php?rest_route=\/wp\/v2\/product"}],"about":[{"href":"https:\/\/treina.online\/index.php?rest_route=\/wp\/v2\/types\/product"}],"replies":[{"embeddable":true,"href":"https:\/\/treina.online\/index.php?rest_route=%2Fwp%2Fv2%2Fcomments&post=16715"}],"version-history":[{"count":0,"href":"https:\/\/treina.online\/index.php?rest_route=\/wp\/v2\/product\/16715\/revisions"}],"wp:attachment":[{"href":"https:\/\/treina.online\/index.php?rest_route=%2Fwp%2Fv2%2Fmedia&parent=16715"}],"wp:term":[{"taxonomy":"product_brand","embeddable":true,"href":"https:\/\/treina.online\/index.php?rest_route=%2Fwp%2Fv2%2Fproduct_brand&post=16715"},{"taxonomy":"product_cat","embeddable":true,"href":"https:\/\/treina.online\/index.php?rest_route=%2Fwp%2Fv2%2Fproduct_cat&post=16715"},{"taxonomy":"product_tag","embeddable":true,"href":"https:\/\/treina.online\/index.php?rest_route=%2Fwp%2Fv2%2Fproduct_tag&post=16715"}],"curies":[{"name":"wp","href":"https:\/\/api.w.org\/{rel}","templated":true}]}}