{"id":16708,"date":"2021-01-24T17:59:50","date_gmt":"2021-01-24T19:59:50","guid":{"rendered":"http:\/\/ecursos.treinaonline.com\/produto\/curso-de-cozinhando-com-micro-ondas\/"},"modified":"2021-01-24T17:59:50","modified_gmt":"2021-01-24T19:59:50","slug":"curso-de-cozinhando-com-micro-ondas","status":"publish","type":"product","link":"https:\/\/treina.online\/?product=curso-de-cozinhando-com-micro-ondas","title":{"rendered":"Curso de Cozinhando com Micro-ondas"},"content":{"rendered":"<p>Apresenta a fazer diversos tipos de pratos no micro-ondas., desde pratos b\u00e1sicos como: strogonoff, batata recheada, cocada a pratos mais complexos como: camar\u00e3o na moranga, bolo, torta de ma\u00e7\u00e3 e muito mais.<\/p>\n<p>Sobre a carga hor\u00e1ria:<br \/>\nO curso possui 80 horas de carga hor\u00e1ria. Por\u00e9m, se for conclu\u00eddo antes de 5 dias, passa a ter 10 horas de carga hor\u00e1ria. Conforme nosso contrato e termos de uso.<\/p>\n","protected":false},"excerpt":{"rendered":"<p>Apresenta a fazer diversos tipos de pratos no micro-ondas., desde pratos b\u00e1sicos como: strogonoff, batata recheada, cocada a pratos mais complexos como: camar\u00e3o na moranga, bolo, torta de ma\u00e7\u00e3 e muito mais. Sobre a carga hor\u00e1ria: O curso possui 80 horas de carga hor\u00e1ria. Por\u00e9m, se for conclu\u00eddo antes de 5 dias, passa a ter 10 horas de carga hor\u00e1ria. [&hellip;]<\/p>\n","protected":false},"featured_media":0,"comment_status":"open","ping_status":"closed","template":"","meta":[],"product_brand":[],"product_cat":[208],"product_tag":[],"class_list":{"0":"post-16708","1":"product","2":"type-product","3":"status-publish","5":"product_cat-culinaria-e-gastronomia","6":"post","8":"first","9":"instock","10":"virtual","11":"sold-individually","12":"product-type-simple"},"_links":{"self":[{"href":"https:\/\/treina.online\/index.php?rest_route=\/wp\/v2\/product\/16708","targetHints":{"allow":["GET"]}}],"collection":[{"href":"https:\/\/treina.online\/index.php?rest_route=\/wp\/v2\/product"}],"about":[{"href":"https:\/\/treina.online\/index.php?rest_route=\/wp\/v2\/types\/product"}],"replies":[{"embeddable":true,"href":"https:\/\/treina.online\/index.php?rest_route=%2Fwp%2Fv2%2Fcomments&post=16708"}],"version-history":[{"count":0,"href":"https:\/\/treina.online\/index.php?rest_route=\/wp\/v2\/product\/16708\/revisions"}],"wp:attachment":[{"href":"https:\/\/treina.online\/index.php?rest_route=%2Fwp%2Fv2%2Fmedia&parent=16708"}],"wp:term":[{"taxonomy":"product_brand","embeddable":true,"href":"https:\/\/treina.online\/index.php?rest_route=%2Fwp%2Fv2%2Fproduct_brand&post=16708"},{"taxonomy":"product_cat","embeddable":true,"href":"https:\/\/treina.online\/index.php?rest_route=%2Fwp%2Fv2%2Fproduct_cat&post=16708"},{"taxonomy":"product_tag","embeddable":true,"href":"https:\/\/treina.online\/index.php?rest_route=%2Fwp%2Fv2%2Fproduct_tag&post=16708"}],"curies":[{"name":"wp","href":"https:\/\/api.w.org\/{rel}","templated":true}]}}